{"id":1034,"date":"2021-12-20T18:04:45","date_gmt":"2021-12-20T18:04:45","guid":{"rendered":"https:\/\/arvensis-naturalistes.ch\/?page_id=1034"},"modified":"2024-03-19T17:24:33","modified_gmt":"2024-03-19T16:24:33","slug":"les-membres","status":"publish","type":"page","link":"https:\/\/arvensis-naturalistes.ch\/?page_id=1034","title":{"rendered":"Les membres"},"content":{"rendered":"\n<div class=\"wp-block-columns\">\n<div class=\"wp-block-column\">\n<figure class=\"wp-block-image size-large\"><a href=\"https:\/\/arvensis-naturalistes.ch\/?page_id=720\"><img loading=\"lazy\" width=\"1024\" height=\"1024\" src=\"https:\/\/arvensis-naturalistes.ch\/wp-content\/uploads\/2021\/12\/Dimitri_2_1x1-1024x1024.jpg\" alt=\"\" class=\"wp-image-1043\" srcset=\"https:\/\/arvensis-naturalistes.ch\/wp-content\/uploads\/2021\/12\/Dimitri_2_1x1-1024x1024.jpg 1024w, https:\/\/arvensis-naturalistes.ch\/wp-content\/uploads\/2021\/12\/Dimitri_2_1x1-300x300.jpg 300w, https:\/\/arvensis-naturalistes.ch\/wp-content\/uploads\/2021\/12\/Dimitri_2_1x1-150x150.jpg 150w, https:\/\/arvensis-naturalistes.ch\/wp-content\/uploads\/2021\/12\/Dimitri_2_1x1-768x768.jpg 768w, https:\/\/arvensis-naturalistes.ch\/wp-content\/uploads\/2021\/12\/Dimitri_2_1x1-1536x1536.jpg 1536w, https:\/\/arvensis-naturalistes.ch\/wp-content\/uploads\/2021\/12\/Dimitri_2_1x1-270x270.jpg 270w, https:\/\/arvensis-naturalistes.ch\/wp-content\/uploads\/2021\/12\/Dimitri_2_1x1-230x230.jpg 230w, https:\/\/arvensis-naturalistes.ch\/wp-content\/uploads\/2021\/12\/Dimitri_2_1x1.jpg 1944w\" sizes=\"(max-width: 1024px) 100vw, 1024px\" \/><\/a><\/figure>\n\n\n\n<p class=\"has-text-align-center\"><strong><a href=\"https:\/\/arvensis-naturalistes.ch\/?page_id=720\">Dimitri B\u00e9non<\/a><\/strong><\/p>\n\n\n\n<p class=\"has-text-align-center\"><em><em><a href=\"mailto:dimitri.benon@arvensis-naturalistes.ch\">contact<\/a><\/em><\/em><\/p>\n<\/div>\n\n\n\n<div class=\"wp-block-column\">\n<figure class=\"wp-block-image size-large\"><a href=\"https:\/\/arvensis-naturalistes.ch\/?page_id=716\"><img loading=\"lazy\" width=\"1024\" height=\"1024\" src=\"https:\/\/arvensis-naturalistes.ch\/wp-content\/uploads\/2021\/02\/Lisa_1x1-1024x1024.jpg\" alt=\"\" class=\"wp-image-841\" srcset=\"https:\/\/arvensis-naturalistes.ch\/wp-content\/uploads\/2021\/02\/Lisa_1x1-1024x1024.jpg 1024w, https:\/\/arvensis-naturalistes.ch\/wp-content\/uploads\/2021\/02\/Lisa_1x1-300x300.jpg 300w, https:\/\/arvensis-naturalistes.ch\/wp-content\/uploads\/2021\/02\/Lisa_1x1-150x150.jpg 150w, https:\/\/arvensis-naturalistes.ch\/wp-content\/uploads\/2021\/02\/Lisa_1x1-768x768.jpg 768w, https:\/\/arvensis-naturalistes.ch\/wp-content\/uploads\/2021\/02\/Lisa_1x1-1536x1536.jpg 1536w, https:\/\/arvensis-naturalistes.ch\/wp-content\/uploads\/2021\/02\/Lisa_1x1-2048x2048.jpg 2048w, https:\/\/arvensis-naturalistes.ch\/wp-content\/uploads\/2021\/02\/Lisa_1x1-270x270.jpg 270w, https:\/\/arvensis-naturalistes.ch\/wp-content\/uploads\/2021\/02\/Lisa_1x1-230x230.jpg 230w\" sizes=\"(max-width: 1024px) 100vw, 1024px\" \/><\/a><\/figure>\n\n\n\n<p class=\"has-text-align-center\"><strong><a href=\"https:\/\/arvensis-naturalistes.ch\/?page_id=716\">Lisa Fisler<\/a><\/strong><\/p>\n\n\n\n<p class=\"has-text-align-center\"><em><em><em><em><a href=\"mailto:lisa.fisler@arvensis-naturalistes.ch\">contact<\/a><\/em><\/em><\/em><\/em><\/p>\n<\/div>\n\n\n\n<div class=\"wp-block-column\"><\/div>\n<\/div>\n\n\n\n<div class=\"wp-block-columns\">\n<div class=\"wp-block-column\">\n<figure class=\"wp-block-image size-large\"><a href=\"https:\/\/arvensis-naturalistes.ch\/?page_id=989\"><img loading=\"lazy\" width=\"1024\" height=\"1024\" src=\"https:\/\/arvensis-naturalistes.ch\/wp-content\/uploads\/2021\/07\/Gabi_1x1_attendantmieux-1024x1024.jpg\" alt=\"\" class=\"wp-image-987\" srcset=\"https:\/\/arvensis-naturalistes.ch\/wp-content\/uploads\/2021\/07\/Gabi_1x1_attendantmieux-1024x1024.jpg 1024w, https:\/\/arvensis-naturalistes.ch\/wp-content\/uploads\/2021\/07\/Gabi_1x1_attendantmieux-300x300.jpg 300w, https:\/\/arvensis-naturalistes.ch\/wp-content\/uploads\/2021\/07\/Gabi_1x1_attendantmieux-150x150.jpg 150w, https:\/\/arvensis-naturalistes.ch\/wp-content\/uploads\/2021\/07\/Gabi_1x1_attendantmieux-768x768.jpg 768w, https:\/\/arvensis-naturalistes.ch\/wp-content\/uploads\/2021\/07\/Gabi_1x1_attendantmieux-1536x1536.jpg 1536w, https:\/\/arvensis-naturalistes.ch\/wp-content\/uploads\/2021\/07\/Gabi_1x1_attendantmieux-2048x2048.jpg 2048w, https:\/\/arvensis-naturalistes.ch\/wp-content\/uploads\/2021\/07\/Gabi_1x1_attendantmieux-270x270.jpg 270w, https:\/\/arvensis-naturalistes.ch\/wp-content\/uploads\/2021\/07\/Gabi_1x1_attendantmieux-230x230.jpg 230w\" sizes=\"(max-width: 1024px) 100vw, 1024px\" \/><\/a><\/figure>\n\n\n\n<p class=\"has-text-align-center\"><strong><a href=\"https:\/\/arvensis-naturalistes.ch\/?page_id=989\">Gabriel Marcacci<\/a><\/strong><\/p>\n\n\n\n<p class=\"has-text-align-center\"><em><em><a href=\"mailto:\">contact<\/a><\/em><\/em><\/p>\n<\/div>\n\n\n\n<div class=\"wp-block-column\">\n<figure class=\"wp-block-image size-large\"><a href=\"https:\/\/arvensis-naturalistes.ch\/?page_id=724\"><img loading=\"lazy\" width=\"769\" height=\"769\" src=\"https:\/\/arvensis-naturalistes.ch\/wp-content\/uploads\/2021\/02\/Gael_1x1.jpg\" alt=\"\" class=\"wp-image-839\" srcset=\"https:\/\/arvensis-naturalistes.ch\/wp-content\/uploads\/2021\/02\/Gael_1x1.jpg 769w, https:\/\/arvensis-naturalistes.ch\/wp-content\/uploads\/2021\/02\/Gael_1x1-300x300.jpg 300w, https:\/\/arvensis-naturalistes.ch\/wp-content\/uploads\/2021\/02\/Gael_1x1-150x150.jpg 150w, https:\/\/arvensis-naturalistes.ch\/wp-content\/uploads\/2021\/02\/Gael_1x1-270x270.jpg 270w, https:\/\/arvensis-naturalistes.ch\/wp-content\/uploads\/2021\/02\/Gael_1x1-230x230.jpg 230w\" sizes=\"(max-width: 769px) 100vw, 769px\" \/><\/a><\/figure>\n\n\n\n<p class=\"has-text-align-center\"><strong><a href=\"https:\/\/arvensis-naturalistes.ch\/?page_id=724\">Ga\u00ebl P\u00e9tremand<\/a><\/strong><\/p>\n\n\n\n<p class=\"has-text-align-center\"><em><em><em><em><a href=\"mailto:gael.petremand@arvensis-naturalistes.ch\">contact<\/a><\/em><\/em><\/em><\/em><\/p>\n<\/div>\n\n\n\n<div class=\"wp-block-column\">\n<figure class=\"wp-block-image size-large\"><a href=\"https:\/\/arvensis-naturalistes.ch\/?page_id=731\"><img loading=\"lazy\" width=\"543\" height=\"543\" src=\"https:\/\/arvensis-naturalistes.ch\/wp-content\/uploads\/2021\/02\/Alberto_1x1.jpg\" alt=\"\" class=\"wp-image-826\" srcset=\"https:\/\/arvensis-naturalistes.ch\/wp-content\/uploads\/2021\/02\/Alberto_1x1.jpg 543w, https:\/\/arvensis-naturalistes.ch\/wp-content\/uploads\/2021\/02\/Alberto_1x1-300x300.jpg 300w, https:\/\/arvensis-naturalistes.ch\/wp-content\/uploads\/2021\/02\/Alberto_1x1-150x150.jpg 150w, https:\/\/arvensis-naturalistes.ch\/wp-content\/uploads\/2021\/02\/Alberto_1x1-270x270.jpg 270w, https:\/\/arvensis-naturalistes.ch\/wp-content\/uploads\/2021\/02\/Alberto_1x1-230x230.jpg 230w\" sizes=\"(max-width: 543px) 100vw, 543px\" \/><\/a><\/figure>\n\n\n\n<p class=\"has-text-align-center\"><strong><a href=\"https:\/\/arvensis-naturalistes.ch\/?page_id=731\">Alberto Serres-H\u00e4nni<\/a><\/strong><\/p>\n\n\n\n<p class=\"has-text-align-center\"><a href=\"mailto:alberto.serreshanni@arvensis-naturalistes.ch\"><em>contact<\/em><\/a><\/p>\n<\/div>\n<\/div>\n\n\n\n<div class=\"wp-block-columns\">\n<div class=\"wp-block-column\">\n<figure class=\"wp-block-image size-large\"><a href=\"https:\/\/arvensis-naturalistes.ch\/?page_id=722\"><img loading=\"lazy\" width=\"1024\" height=\"1024\" src=\"https:\/\/arvensis-naturalistes.ch\/wp-content\/uploads\/2021\/02\/Arnaud_1x1-1024x1024.png\" alt=\"\" class=\"wp-image-828\" srcset=\"https:\/\/arvensis-naturalistes.ch\/wp-content\/uploads\/2021\/02\/Arnaud_1x1-1024x1024.png 1024w, https:\/\/arvensis-naturalistes.ch\/wp-content\/uploads\/2021\/02\/Arnaud_1x1-300x300.png 300w, https:\/\/arvensis-naturalistes.ch\/wp-content\/uploads\/2021\/02\/Arnaud_1x1-150x150.png 150w, https:\/\/arvensis-naturalistes.ch\/wp-content\/uploads\/2021\/02\/Arnaud_1x1-768x768.png 768w, https:\/\/arvensis-naturalistes.ch\/wp-content\/uploads\/2021\/02\/Arnaud_1x1-1536x1536.png 1536w, https:\/\/arvensis-naturalistes.ch\/wp-content\/uploads\/2021\/02\/Arnaud_1x1-2048x2048.png 2048w, https:\/\/arvensis-naturalistes.ch\/wp-content\/uploads\/2021\/02\/Arnaud_1x1-270x270.png 270w, https:\/\/arvensis-naturalistes.ch\/wp-content\/uploads\/2021\/02\/Arnaud_1x1-230x230.png 230w\" sizes=\"(max-width: 1024px) 100vw, 1024px\" \/><\/a><\/figure>\n\n\n\n<p class=\"has-text-align-center\"><strong><a href=\"https:\/\/arvensis-naturalistes.ch\/?page_id=722\">Arnaud Vallat<\/a><\/strong><\/p>\n\n\n\n<p class=\"has-text-align-center\"><em><em><a href=\"mailto:arnaud.vallat@arvensis-naturalistes.ch\">contact<\/a><\/em><\/em><\/p>\n<\/div>\n\n\n\n<div class=\"wp-block-column\">\n<figure class=\"wp-block-image size-large\"><a href=\"https:\/\/arvensis-naturalistes.ch\/?page_id=726\"><img loading=\"lazy\" width=\"1024\" height=\"1024\" src=\"https:\/\/arvensis-naturalistes.ch\/wp-content\/uploads\/2021\/02\/Killian-1-1024x1024.jpg\" alt=\"\" class=\"wp-image-975\" srcset=\"https:\/\/arvensis-naturalistes.ch\/wp-content\/uploads\/2021\/02\/Killian-1-1024x1024.jpg 1024w, https:\/\/arvensis-naturalistes.ch\/wp-content\/uploads\/2021\/02\/Killian-1-300x300.jpg 300w, https:\/\/arvensis-naturalistes.ch\/wp-content\/uploads\/2021\/02\/Killian-1-150x150.jpg 150w, https:\/\/arvensis-naturalistes.ch\/wp-content\/uploads\/2021\/02\/Killian-1-768x768.jpg 768w, https:\/\/arvensis-naturalistes.ch\/wp-content\/uploads\/2021\/02\/Killian-1-1536x1536.jpg 1536w, https:\/\/arvensis-naturalistes.ch\/wp-content\/uploads\/2021\/02\/Killian-1-2048x2048.jpg 2048w, https:\/\/arvensis-naturalistes.ch\/wp-content\/uploads\/2021\/02\/Killian-1-270x270.jpg 270w, https:\/\/arvensis-naturalistes.ch\/wp-content\/uploads\/2021\/02\/Killian-1-230x230.jpg 230w\" sizes=\"(max-width: 1024px) 100vw, 1024px\" \/><\/a><\/figure>\n\n\n\n<p class=\"has-text-align-center\"><strong><a href=\"https:\/\/arvensis-naturalistes.ch\/?page_id=726\">Killian Vaucher<\/a><\/strong><\/p>\n\n\n\n<p class=\"has-text-align-center\"><em><em><em><em><a href=\"mailto:killian@eire.ch\">contact<\/a><\/em><\/em><\/em><\/em><\/p>\n<\/div>\n\n\n\n<div class=\"wp-block-column\"><\/div>\n<\/div>\n\n\n\n<p><\/p>\n\n\n\n<p><\/p>\n","protected":false},"excerpt":{"rendered":"<p>Dimitri B\u00e9non contact Lisa Fisler contact Gabriel Marcacci contact Ga\u00ebl P\u00e9tremand contact Alberto Serres-H\u00e4nni contact Arnaud Vallat contact Killian Vaucher contact<\/p>\n","protected":false},"author":2,"featured_media":0,"parent":0,"menu_order":0,"comment_status":"closed","ping_status":"closed","template":"","meta":[],"_links":{"self":[{"href":"https:\/\/arvensis-naturalistes.ch\/index.php?rest_route=\/wp\/v2\/pages\/1034"}],"collection":[{"href":"https:\/\/arvensis-naturalistes.ch\/index.php?rest_route=\/wp\/v2\/pages"}],"about":[{"href":"https:\/\/arvensis-naturalistes.ch\/index.php?rest_route=\/wp\/v2\/types\/page"}],"author":[{"embeddable":true,"href":"https:\/\/arvensis-naturalistes.ch\/index.php?rest_route=\/wp\/v2\/users\/2"}],"replies":[{"embeddable":true,"href":"https:\/\/arvensis-naturalistes.ch\/index.php?rest_route=%2Fwp%2Fv2%2Fcomments&post=1034"}],"version-history":[{"count":9,"href":"https:\/\/arvensis-naturalistes.ch\/index.php?rest_route=\/wp\/v2\/pages\/1034\/revisions"}],"predecessor-version":[{"id":1277,"href":"https:\/\/arvensis-naturalistes.ch\/index.php?rest_route=\/wp\/v2\/pages\/1034\/revisions\/1277"}],"wp:attachment":[{"href":"https:\/\/arvensis-naturalistes.ch\/index.php?rest_route=%2Fwp%2Fv2%2Fmedia&parent=1034"}],"curies":[{"name":"wp","href":"https:\/\/api.w.org\/{rel}","templated":true}]}}