{"id":1035,"date":"2021-12-20T17:53:46","date_gmt":"2021-12-20T17:53:46","guid":{"rendered":"https:\/\/arvensis-naturalistes.ch\/?page_id=1035"},"modified":"2022-02-20T09:53:50","modified_gmt":"2022-02-20T08:53:50","slug":"domaine-de-competences","status":"publish","type":"page","link":"https:\/\/arvensis-naturalistes.ch\/?page_id=1035","title":{"rendered":"Domaines de comp\u00e9tence"},"content":{"rendered":"\n<div class=\"wp-block-columns\">\n<div class=\"wp-block-column\">\n<figure class=\"wp-block-image size-large\"><a href=\"https:\/\/arvensis-naturalistes.ch\/?page_id=883\"><img loading=\"lazy\" width=\"1024\" height=\"683\" src=\"https:\/\/arvensis-naturalistes.ch\/wp-content\/uploads\/2022\/01\/Drosera_Arnaud-1024x683.jpg\" alt=\"\" class=\"wp-image-1196\" srcset=\"https:\/\/arvensis-naturalistes.ch\/wp-content\/uploads\/2022\/01\/Drosera_Arnaud-1024x683.jpg 1024w, https:\/\/arvensis-naturalistes.ch\/wp-content\/uploads\/2022\/01\/Drosera_Arnaud-300x200.jpg 300w, https:\/\/arvensis-naturalistes.ch\/wp-content\/uploads\/2022\/01\/Drosera_Arnaud-768x512.jpg 768w, https:\/\/arvensis-naturalistes.ch\/wp-content\/uploads\/2022\/01\/Drosera_Arnaud-1536x1024.jpg 1536w, https:\/\/arvensis-naturalistes.ch\/wp-content\/uploads\/2022\/01\/Drosera_Arnaud-2048x1365.jpg 2048w\" sizes=\"(max-width: 1024px) 100vw, 1024px\" \/><\/a><figcaption><strong><a href=\"https:\/\/arvensis-naturalistes.ch\/?page_id=883\">\u00c9tudes floristiques<\/a><\/strong><\/figcaption><\/figure>\n\n\n\n<div style=\"height:20px\" aria-hidden=\"true\" class=\"wp-block-spacer\"><\/div>\n\n\n\n<p><\/p>\n<\/div>\n\n\n\n<div class=\"wp-block-column\">\n<figure class=\"wp-block-image size-large\"><a href=\"https:\/\/arvensis-naturalistes.ch\/?page_id=886\"><img loading=\"lazy\" width=\"1024\" height=\"683\" src=\"https:\/\/arvensis-naturalistes.ch\/wp-content\/uploads\/2022\/01\/Abeille2_Dimi-1024x683.jpg\" alt=\"\" class=\"wp-image-1180\" srcset=\"https:\/\/arvensis-naturalistes.ch\/wp-content\/uploads\/2022\/01\/Abeille2_Dimi-1024x683.jpg 1024w, https:\/\/arvensis-naturalistes.ch\/wp-content\/uploads\/2022\/01\/Abeille2_Dimi-300x200.jpg 300w, https:\/\/arvensis-naturalistes.ch\/wp-content\/uploads\/2022\/01\/Abeille2_Dimi-768x512.jpg 768w, https:\/\/arvensis-naturalistes.ch\/wp-content\/uploads\/2022\/01\/Abeille2_Dimi.jpg 1200w\" sizes=\"(max-width: 1024px) 100vw, 1024px\" \/><\/a><figcaption><a href=\"https:\/\/arvensis-naturalistes.ch\/?page_id=886\"><strong>\u00c9tudes entomologiques<\/strong><\/a><\/figcaption><\/figure>\n\n\n\n<p><\/p>\n<\/div>\n<\/div>\n\n\n\n<div class=\"wp-block-columns\">\n<div class=\"wp-block-column\">\n<figure class=\"wp-block-image size-large\"><a href=\"https:\/\/arvensis-naturalistes.ch\/?page_id=855\"><img loading=\"lazy\" width=\"1024\" height=\"680\" src=\"https:\/\/arvensis-naturalistes.ch\/wp-content\/uploads\/2022\/01\/Moyen-Duc_Arnaud-1024x680.jpg\" alt=\"\" class=\"wp-image-1189\" srcset=\"https:\/\/arvensis-naturalistes.ch\/wp-content\/uploads\/2022\/01\/Moyen-Duc_Arnaud-1024x680.jpg 1024w, https:\/\/arvensis-naturalistes.ch\/wp-content\/uploads\/2022\/01\/Moyen-Duc_Arnaud-300x199.jpg 300w, https:\/\/arvensis-naturalistes.ch\/wp-content\/uploads\/2022\/01\/Moyen-Duc_Arnaud-768x510.jpg 768w, https:\/\/arvensis-naturalistes.ch\/wp-content\/uploads\/2022\/01\/Moyen-Duc_Arnaud-1536x1020.jpg 1536w, https:\/\/arvensis-naturalistes.ch\/wp-content\/uploads\/2022\/01\/Moyen-Duc_Arnaud.jpg 2048w\" sizes=\"(max-width: 1024px) 100vw, 1024px\" \/><\/a><figcaption><strong><a href=\"https:\/\/arvensis-naturalistes.ch\/?page_id=855\">\u00c9tudes ornithologiques<\/a><\/strong><\/figcaption><\/figure>\n\n\n\n<div style=\"height:20px\" aria-hidden=\"true\" class=\"wp-block-spacer\"><\/div>\n<\/div>\n\n\n\n<div class=\"wp-block-column\">\n<figure class=\"wp-block-image size-large\"><a href=\"https:\/\/arvensis-naturalistes.ch\/?page_id=889\"><img loading=\"lazy\" width=\"1024\" height=\"683\" src=\"https:\/\/arvensis-naturalistes.ch\/wp-content\/uploads\/2022\/01\/Vipere_Killian-1024x683.jpg\" alt=\"\" class=\"wp-image-1221\" srcset=\"https:\/\/arvensis-naturalistes.ch\/wp-content\/uploads\/2022\/01\/Vipere_Killian-1024x683.jpg 1024w, https:\/\/arvensis-naturalistes.ch\/wp-content\/uploads\/2022\/01\/Vipere_Killian-300x200.jpg 300w, https:\/\/arvensis-naturalistes.ch\/wp-content\/uploads\/2022\/01\/Vipere_Killian-768x512.jpg 768w, https:\/\/arvensis-naturalistes.ch\/wp-content\/uploads\/2022\/01\/Vipere_Killian-1536x1024.jpg 1536w, https:\/\/arvensis-naturalistes.ch\/wp-content\/uploads\/2022\/01\/Vipere_Killian-2048x1365.jpg 2048w\" sizes=\"(max-width: 1024px) 100vw, 1024px\" \/><\/a><figcaption><strong><a href=\"https:\/\/arvensis-naturalistes.ch\/?page_id=889\">\u00c9tudes herp\u00e9tologiques<\/a><\/strong><\/figcaption><\/figure>\n\n\n\n<p><\/p>\n<\/div>\n<\/div>\n\n\n\n<div class=\"wp-block-columns\">\n<div class=\"wp-block-column\">\n<figure class=\"wp-block-image size-full\"><a href=\"https:\/\/arvensis-naturalistes.ch\/?page_id=893\"><img loading=\"lazy\" width=\"1024\" height=\"683\" src=\"https:\/\/arvensis-naturalistes.ch\/wp-content\/uploads\/2022\/01\/SIG_Celine.jpg\" alt=\"\" class=\"wp-image-1191\" srcset=\"https:\/\/arvensis-naturalistes.ch\/wp-content\/uploads\/2022\/01\/SIG_Celine.jpg 1024w, https:\/\/arvensis-naturalistes.ch\/wp-content\/uploads\/2022\/01\/SIG_Celine-300x200.jpg 300w, https:\/\/arvensis-naturalistes.ch\/wp-content\/uploads\/2022\/01\/SIG_Celine-768x512.jpg 768w\" sizes=\"(max-width: 1024px) 100vw, 1024px\" \/><\/a><figcaption><strong><a href=\"https:\/\/arvensis-naturalistes.ch\/?page_id=893\">Cartographie &#8211; SIG<\/a><\/strong><\/figcaption><\/figure>\n\n\n\n<div style=\"height:20px\" aria-hidden=\"true\" class=\"wp-block-spacer\"><\/div>\n<\/div>\n\n\n\n<div class=\"wp-block-column\">\n<figure class=\"wp-block-image size-full\"><a href=\"https:\/\/arvensis-naturalistes.ch\/?page_id=895\"><img loading=\"lazy\" width=\"1024\" height=\"683\" src=\"https:\/\/arvensis-naturalistes.ch\/wp-content\/uploads\/2022\/01\/SIG_2_Celine.jpg\" alt=\"\" class=\"wp-image-1190\" srcset=\"https:\/\/arvensis-naturalistes.ch\/wp-content\/uploads\/2022\/01\/SIG_2_Celine.jpg 1024w, https:\/\/arvensis-naturalistes.ch\/wp-content\/uploads\/2022\/01\/SIG_2_Celine-300x200.jpg 300w, https:\/\/arvensis-naturalistes.ch\/wp-content\/uploads\/2022\/01\/SIG_2_Celine-768x512.jpg 768w\" sizes=\"(max-width: 1024px) 100vw, 1024px\" \/><\/a><figcaption><strong><a href=\"https:\/\/arvensis-naturalistes.ch\/?page_id=895\">Gestion des milieux naturels (am\u00e9nagement et entretien)<\/a><\/strong><\/figcaption><\/figure>\n<\/div>\n<\/div>\n\n\n\n<div class=\"wp-block-columns\">\n<div class=\"wp-block-column\">\n<figure class=\"wp-block-image size-full\"><a href=\"https:\/\/arvensis-naturalistes.ch\/?page_id=900\"><img loading=\"lazy\" width=\"1023\" height=\"683\" src=\"https:\/\/arvensis-naturalistes.ch\/wp-content\/uploads\/2022\/01\/Foret_Arnaud.jpg\" alt=\"\" class=\"wp-image-1187\" srcset=\"https:\/\/arvensis-naturalistes.ch\/wp-content\/uploads\/2022\/01\/Foret_Arnaud.jpg 1023w, https:\/\/arvensis-naturalistes.ch\/wp-content\/uploads\/2022\/01\/Foret_Arnaud-300x200.jpg 300w, https:\/\/arvensis-naturalistes.ch\/wp-content\/uploads\/2022\/01\/Foret_Arnaud-768x513.jpg 768w\" sizes=\"(max-width: 1023px) 100vw, 1023px\" \/><\/a><figcaption><strong><a href=\"https:\/\/arvensis-naturalistes.ch\/?page_id=900\">\u00c9valuation de la qualit\u00e9 \u00e9cologique des milieux &amp; bioindication<\/a><\/strong><\/figcaption><\/figure>\n\n\n\n<div style=\"height:20px\" aria-hidden=\"true\" class=\"wp-block-spacer\"><\/div>\n<\/div>\n\n\n\n<div class=\"wp-block-column\">\n<figure class=\"wp-block-image size-full\"><a href=\"https:\/\/arvensis-naturalistes.ch\/?page_id=904\"><img loading=\"lazy\" width=\"1024\" height=\"683\" src=\"https:\/\/arvensis-naturalistes.ch\/wp-content\/uploads\/2022\/01\/Ville_Gael.jpg\" alt=\"\" class=\"wp-image-1195\" srcset=\"https:\/\/arvensis-naturalistes.ch\/wp-content\/uploads\/2022\/01\/Ville_Gael.jpg 1024w, https:\/\/arvensis-naturalistes.ch\/wp-content\/uploads\/2022\/01\/Ville_Gael-300x200.jpg 300w, https:\/\/arvensis-naturalistes.ch\/wp-content\/uploads\/2022\/01\/Ville_Gael-768x512.jpg 768w\" sizes=\"(max-width: 1024px) 100vw, 1024px\" \/><\/a><figcaption><strong><a href=\"https:\/\/arvensis-naturalistes.ch\/?page_id=904\">Projets en milieux agricoles ou urbains<\/a><\/strong><\/figcaption><\/figure>\n<\/div>\n<\/div>\n\n\n\n<div class=\"wp-block-columns\">\n<div class=\"wp-block-column\">\n<figure class=\"wp-block-image size-large\"><a href=\"https:\/\/arvensis-naturalistes.ch\/?page_id=992\"><img loading=\"lazy\" width=\"1024\" height=\"683\" src=\"https:\/\/arvensis-naturalistes.ch\/wp-content\/uploads\/2022\/02\/Graphe_Gabriel-1-1024x683.jpg\" alt=\"\" class=\"wp-image-1264\" srcset=\"https:\/\/arvensis-naturalistes.ch\/wp-content\/uploads\/2022\/02\/Graphe_Gabriel-1-1024x683.jpg 1024w, https:\/\/arvensis-naturalistes.ch\/wp-content\/uploads\/2022\/02\/Graphe_Gabriel-1-300x200.jpg 300w, https:\/\/arvensis-naturalistes.ch\/wp-content\/uploads\/2022\/02\/Graphe_Gabriel-1-768x512.jpg 768w, https:\/\/arvensis-naturalistes.ch\/wp-content\/uploads\/2022\/02\/Graphe_Gabriel-1.jpg 1200w\" sizes=\"(max-width: 1024px) 100vw, 1024px\" \/><\/a><figcaption><strong><a href=\"https:\/\/arvensis-naturalistes.ch\/?page_id=992\">Statistiques et design exp\u00e9rimental<\/a><\/strong><\/figcaption><\/figure>\n\n\n\n<p><\/p>\n<\/div>\n\n\n\n<div class=\"wp-block-column\">\n<figure class=\"wp-block-image size-full\"><a href=\"https:\/\/arvensis-naturalistes.ch\/?page_id=911\"><img loading=\"lazy\" width=\"1024\" height=\"683\" src=\"https:\/\/arvensis-naturalistes.ch\/wp-content\/uploads\/2022\/01\/Vulgarisation_Celine.jpg\" alt=\"\" class=\"wp-image-1178\" srcset=\"https:\/\/arvensis-naturalistes.ch\/wp-content\/uploads\/2022\/01\/Vulgarisation_Celine.jpg 1024w, https:\/\/arvensis-naturalistes.ch\/wp-content\/uploads\/2022\/01\/Vulgarisation_Celine-300x200.jpg 300w, https:\/\/arvensis-naturalistes.ch\/wp-content\/uploads\/2022\/01\/Vulgarisation_Celine-768x512.jpg 768w\" sizes=\"(max-width: 1024px) 100vw, 1024px\" \/><\/a><figcaption><strong><a href=\"https:\/\/arvensis-naturalistes.ch\/?page_id=911\">Vulgarisation &amp; m\u00e9diation scientifique<\/a><\/strong><\/figcaption><\/figure>\n\n\n\n<p><\/p>\n<\/div>\n<\/div>\n\n\n\n<div style=\"height:100px\" aria-hidden=\"true\" class=\"wp-block-spacer\"><\/div>\n","protected":false},"excerpt":{"rendered":"","protected":false},"author":3,"featured_media":0,"parent":0,"menu_order":0,"comment_status":"closed","ping_status":"closed","template":"","meta":[],"_links":{"self":[{"href":"https:\/\/arvensis-naturalistes.ch\/index.php?rest_route=\/wp\/v2\/pages\/1035"}],"collection":[{"href":"https:\/\/arvensis-naturalistes.ch\/index.php?rest_route=\/wp\/v2\/pages"}],"about":[{"href":"https:\/\/arvensis-naturalistes.ch\/index.php?rest_route=\/wp\/v2\/types\/page"}],"author":[{"embeddable":true,"href":"https:\/\/arvensis-naturalistes.ch\/index.php?rest_route=\/wp\/v2\/users\/3"}],"replies":[{"embeddable":true,"href":"https:\/\/arvensis-naturalistes.ch\/index.php?rest_route=%2Fwp%2Fv2%2Fcomments&post=1035"}],"version-history":[{"count":14,"href":"https:\/\/arvensis-naturalistes.ch\/index.php?rest_route=\/wp\/v2\/pages\/1035\/revisions"}],"predecessor-version":[{"id":1265,"href":"https:\/\/arvensis-naturalistes.ch\/index.php?rest_route=\/wp\/v2\/pages\/1035\/revisions\/1265"}],"wp:attachment":[{"href":"https:\/\/arvensis-naturalistes.ch\/index.php?rest_route=%2Fwp%2Fv2%2Fmedia&parent=1035"}],"curies":[{"name":"wp","href":"https:\/\/api.w.org\/{rel}","templated":true}]}}