{"id":656,"date":"2020-02-18T20:00:34","date_gmt":"2020-02-18T20:00:34","guid":{"rendered":"https:\/\/arvensis-naturalistes.ch\/?page_id=656"},"modified":"2022-01-19T08:23:19","modified_gmt":"2022-01-19T08:23:19","slug":"a-propos","status":"publish","type":"page","link":"https:\/\/arvensis-naturalistes.ch\/","title":{"rendered":"\u00c0 propos"},"content":{"rendered":"\n<div class=\"wp-block-columns\">\n<div class=\"wp-block-column\" style=\"flex-basis:25%\"><\/div>\n\n\n\n<div class=\"wp-block-column\" style=\"flex-basis:50%\">\n<h2>Pr\u00e9sentation du collectif<\/h2>\n<\/div>\n\n\n\n<div class=\"wp-block-column\" style=\"flex-basis:12%\"><\/div>\n<\/div>\n\n\n\n<div class=\"wp-block-columns\">\n<div class=\"wp-block-column\" style=\"flex-basis:100%\">\n<div class=\"wp-block-columns\">\n<div class=\"wp-block-column\" style=\"flex-basis:25%\">\n<p><\/p>\n\n\n\n<div class=\"wp-block-image\"><figure class=\"aligncenter size-large is-resized\"><img loading=\"lazy\" src=\"https:\/\/arvensis-naturalistes.ch\/wp-content\/uploads\/2022\/01\/Amaranthus_Alberto-1-426x1024.jpg\" alt=\"\" class=\"wp-image-1241\" width=\"207\" height=\"495\"\/><\/figure><\/div>\n\n\n\n<p><\/p>\n<\/div>\n\n\n\n<div class=\"wp-block-column\" style=\"flex-basis:50%\">\n<h2><\/h2>\n\n\n\n<p>Fond\u00e9 en 2021, le collectif Arvensis est un r\u00e9seau romand de naturalistes actifs dans les domaines de l&#8217;\u00e9cologie et de la conservation de la nature.<\/p>\n\n\n\n<p>Il promeut des valeurs d\u2019entraide, de partage de connaissances et de mise en commun des comp\u00e9tences. Il vise \u00e0 d\u00e9velopper des projets \u0153uvrant pour la protection de la nature, ainsi que pour l&#8217;harmonisation et la conciliation des int\u00e9r\u00eats environnementaux et humains. &nbsp;Une charte contenant les valeurs et le fonctionnement du collectif a \u00e9t\u00e9 r\u00e9dig\u00e9e et est disponible <a href=\"https:\/\/arvensis-naturalistes.ch\/wp-content\/uploads\/2021\/02\/charte_arvensis.pdf\" target=\"_blank\" rel=\"noreferrer noopener\">ici<\/a>.<\/p>\n\n\n\n<p>Le collectif a \u00e9t\u00e9 cr\u00e9\u00e9 dans le but de r\u00e9unir en une seule entit\u00e9 diff\u00e9rents sp\u00e9cialistes de la faune et de la flore r\u00e9gionale afin de proposer une approche globale et pluridisciplinaire \u00e0 divers enjeux environnementaux.<\/p>\n\n\n\n<p>Les personnes int\u00e9ress\u00e9es par nos services sont pri\u00e9es de contacter directement l&#8217;un des <a href=\"https:\/\/arvensis-naturalistes.ch\/?page_id=485\">membres<\/a> du collectif selon les <a href=\"https:\/\/arvensis-naturalistes.ch\/?page_id=579\">domaines de comp\u00e9tences<\/a> souhait\u00e9s. Si n\u00e9cessaire, plusieurs membres peuvent collaborer pour r\u00e9pondre \u00e0 un mandat.<\/p>\n<\/div>\n\n\n\n<div class=\"wp-block-column\" style=\"flex-basis:15%\">\n<figure class=\"wp-block-image size-large is-resized\"><img loading=\"lazy\" src=\"https:\/\/arvensis-naturalistes.ch\/wp-content\/uploads\/2022\/01\/fond_blanc-576x1024.jpg\" alt=\"\" class=\"wp-image-1255\" width=\"40\" height=\"71\" srcset=\"https:\/\/arvensis-naturalistes.ch\/wp-content\/uploads\/2022\/01\/fond_blanc-576x1024.jpg 576w, https:\/\/arvensis-naturalistes.ch\/wp-content\/uploads\/2022\/01\/fond_blanc-169x300.jpg 169w, https:\/\/arvensis-naturalistes.ch\/wp-content\/uploads\/2022\/01\/fond_blanc-768x1365.jpg 768w, https:\/\/arvensis-naturalistes.ch\/wp-content\/uploads\/2022\/01\/fond_blanc-864x1536.jpg 864w, https:\/\/arvensis-naturalistes.ch\/wp-content\/uploads\/2022\/01\/fond_blanc.jpg 1080w\" sizes=\"(max-width: 40px) 100vw, 40px\" \/><\/figure>\n\n\n\n<figure class=\"wp-block-image size-large is-resized\"><img loading=\"lazy\" src=\"https:\/\/arvensis-naturalistes.ch\/wp-content\/uploads\/2022\/01\/Amaranthus2_Alberto-1-593x1024.jpg\" alt=\"\" class=\"wp-image-1242\" width=\"156\" height=\"268\" srcset=\"https:\/\/arvensis-naturalistes.ch\/wp-content\/uploads\/2022\/01\/Amaranthus2_Alberto-1-593x1024.jpg 593w, https:\/\/arvensis-naturalistes.ch\/wp-content\/uploads\/2022\/01\/Amaranthus2_Alberto-1-174x300.jpg 174w, https:\/\/arvensis-naturalistes.ch\/wp-content\/uploads\/2022\/01\/Amaranthus2_Alberto-1-768x1326.jpg 768w, https:\/\/arvensis-naturalistes.ch\/wp-content\/uploads\/2022\/01\/Amaranthus2_Alberto-1-890x1536.jpg 890w, https:\/\/arvensis-naturalistes.ch\/wp-content\/uploads\/2022\/01\/Amaranthus2_Alberto-1.jpg 1119w\" sizes=\"(max-width: 156px) 100vw, 156px\" \/><\/figure>\n\n\n\n<figure class=\"wp-block-image size-large is-resized\"><img loading=\"lazy\" src=\"https:\/\/arvensis-naturalistes.ch\/wp-content\/uploads\/2022\/01\/fond_blanc-576x1024.jpg\" alt=\"\" class=\"wp-image-1255\" width=\"85\" height=\"152\" srcset=\"https:\/\/arvensis-naturalistes.ch\/wp-content\/uploads\/2022\/01\/fond_blanc-576x1024.jpg 576w, https:\/\/arvensis-naturalistes.ch\/wp-content\/uploads\/2022\/01\/fond_blanc-169x300.jpg 169w, https:\/\/arvensis-naturalistes.ch\/wp-content\/uploads\/2022\/01\/fond_blanc-768x1365.jpg 768w, https:\/\/arvensis-naturalistes.ch\/wp-content\/uploads\/2022\/01\/fond_blanc-864x1536.jpg 864w, https:\/\/arvensis-naturalistes.ch\/wp-content\/uploads\/2022\/01\/fond_blanc.jpg 1080w\" sizes=\"(max-width: 85px) 100vw, 85px\" \/><\/figure>\n<\/div>\n<\/div>\n<\/div>\n<\/div>\n","protected":false},"excerpt":{"rendered":"<p>Pr\u00e9sentation du collectif Fond\u00e9 en 2021, le collectif Arvensis est un r\u00e9seau romand de naturalistes actifs dans les domaines de l&#8217;\u00e9cologie et de la conservation de la nature. Il promeut des valeurs d\u2019entraide, de partage de connaissances et de mise<\/p>\n","protected":false},"author":2,"featured_media":0,"parent":0,"menu_order":0,"comment_status":"closed","ping_status":"closed","template":"","meta":[],"_links":{"self":[{"href":"https:\/\/arvensis-naturalistes.ch\/index.php?rest_route=\/wp\/v2\/pages\/656"}],"collection":[{"href":"https:\/\/arvensis-naturalistes.ch\/index.php?rest_route=\/wp\/v2\/pages"}],"about":[{"href":"https:\/\/arvensis-naturalistes.ch\/index.php?rest_route=\/wp\/v2\/types\/page"}],"author":[{"embeddable":true,"href":"https:\/\/arvensis-naturalistes.ch\/index.php?rest_route=\/wp\/v2\/users\/2"}],"replies":[{"embeddable":true,"href":"https:\/\/arvensis-naturalistes.ch\/index.php?rest_route=%2Fwp%2Fv2%2Fcomments&post=656"}],"version-history":[{"count":25,"href":"https:\/\/arvensis-naturalistes.ch\/index.php?rest_route=\/wp\/v2\/pages\/656\/revisions"}],"predecessor-version":[{"id":1257,"href":"https:\/\/arvensis-naturalistes.ch\/index.php?rest_route=\/wp\/v2\/pages\/656\/revisions\/1257"}],"wp:attachment":[{"href":"https:\/\/arvensis-naturalistes.ch\/index.php?rest_route=%2Fwp%2Fv2%2Fmedia&parent=656"}],"curies":[{"name":"wp","href":"https:\/\/api.w.org\/{rel}","templated":true}]}}