{"id":716,"date":"2020-05-15T13:31:08","date_gmt":"2020-05-15T13:31:08","guid":{"rendered":"https:\/\/arvensis-naturalistes.ch\/?page_id=716"},"modified":"2021-12-20T17:45:52","modified_gmt":"2021-12-20T17:45:52","slug":"lisa","status":"publish","type":"page","link":"https:\/\/arvensis-naturalistes.ch\/?page_id=716","title":{"rendered":"Lisa Fisler"},"content":{"rendered":"\n<h4><strong><em><strong><strong>Entomologiste \u2013 Biologiste (UniBe Master of Science in Ecology and Evolution)<\/strong><\/strong><\/em><\/strong><\/h4>\n\n\n\n<div class=\"wp-block-columns\">\n<div class=\"wp-block-column\">\n<h5>Pr\u00e9sentation:<\/h5>\n\n\n\n<p>Mes \u00e9tudes en biologie m\u2019ont amen\u00e9e \u00e0 d\u00e9couvrir puis \u00e0 me sp\u00e9cialiser sur une famille de dipt\u00e8res connus pour leur habile imitation des hym\u00e9nopt\u00e8res&nbsp;: les Syrphidae. Depuis, j\u2019ai men\u00e9 des projets \u00e0 la Grande Cari\u00e7aie avec la mise en place d\u2019une \u00e9tude&nbsp;<em>Syrph the Net&nbsp;<\/em>qui permet le diagnostic \u00e9cologique des milieux, et au sein d\u2019info-fauna CSCF afin de rendre cette famille plus accessible en Suisse. Mon r\u00e9cent statut d\u2019ind\u00e9pendante me permet de collaborer sur quelques petits mandats \u00e0 c\u00f4t\u00e9 de mon job principal. Je m\u2019int\u00e9resse \u00e9galement beaucoup \u00e0 d\u2019autres familles de dipt\u00e8res et plus g\u00e9n\u00e9ralement aux autres ordres d\u2019insectes. En parall\u00e8le, je ma\u00eetrise des outils informatiques tels que le SIG ou le programme R, \u00e0 des fins d\u2019\u00e9tudes statistiques.&nbsp;<\/p>\n\n\n\n<p>Appareil photo et jumelles en main, j\u2019adore voyager pour d\u00e9couvrir la faune locale, en particulier les oiseaux, que ce soit en Suisse, en Europe ou sur d\u2019autres continents. Ma passion pour les oiseaux m\u2019a \u00e9galement pouss\u00e9e \u00e0 m\u2019investir dans une association locale de protection de la nature (SORBUS) pour laquelle j\u2019effectue des recensements et du baguage d\u2019oiseaux. J\u2019y officie \u00e9galement en tant que secr\u00e9taire.<\/p>\n\n\n\n<p><strong><a href=\"https:\/\/www.researchgate.net\/profile\/Lisa_Fisler\/research\">Mes publications<\/a><\/strong><\/p>\n<\/div>\n\n\n\n<div class=\"wp-block-column\">\n<h5>Synth\u00e8se des comp\u00e9tences:<\/h5>\n\n\n\n<ul><li>Inventaire, suivi et monitoring de la biodiversit\u00e9 (insectes, surtout dipt\u00e8res)<\/li><li>Diagnostics \u00e9cologiques :<\/li><li>Milieux agricoles et naturels (<em>Syrph the net<\/em>)<\/li><li>Milieux urbains&nbsp;(parcs et toitures v\u00e9g\u00e9talis\u00e9es)<\/li><li>Publications scientifiques, vulgarisation<\/li><li>Cartographie SIG (logiciel qGIS)<\/li><li>Analyses statistiques (logiciel R)<\/li><\/ul>\n<\/div>\n<\/div>\n\n\n\n<div class=\"wp-block-columns\">\n<div class=\"wp-block-column\" style=\"flex-basis:100%\">\n<div class=\"wp-block-columns\">\n<div class=\"wp-block-column\">\n<figure class=\"wp-block-image size-large\"><img loading=\"lazy\" width=\"1024\" height=\"1024\" src=\"https:\/\/arvensis-naturalistes.ch\/wp-content\/uploads\/2021\/02\/Lisa_1x1-1024x1024.jpg\" alt=\"\" class=\"wp-image-841\" srcset=\"https:\/\/arvensis-naturalistes.ch\/wp-content\/uploads\/2021\/02\/Lisa_1x1-1024x1024.jpg 1024w, https:\/\/arvensis-naturalistes.ch\/wp-content\/uploads\/2021\/02\/Lisa_1x1-300x300.jpg 300w, https:\/\/arvensis-naturalistes.ch\/wp-content\/uploads\/2021\/02\/Lisa_1x1-150x150.jpg 150w, https:\/\/arvensis-naturalistes.ch\/wp-content\/uploads\/2021\/02\/Lisa_1x1-768x768.jpg 768w, https:\/\/arvensis-naturalistes.ch\/wp-content\/uploads\/2021\/02\/Lisa_1x1-1536x1536.jpg 1536w, https:\/\/arvensis-naturalistes.ch\/wp-content\/uploads\/2021\/02\/Lisa_1x1-2048x2048.jpg 2048w, https:\/\/arvensis-naturalistes.ch\/wp-content\/uploads\/2021\/02\/Lisa_1x1-270x270.jpg 270w, https:\/\/arvensis-naturalistes.ch\/wp-content\/uploads\/2021\/02\/Lisa_1x1-230x230.jpg 230w\" sizes=\"(max-width: 1024px) 100vw, 1024px\" \/><\/figure>\n<\/div>\n\n\n\n<div class=\"wp-block-column\" style=\"flex-basis:80%\">\n<h5>Me contacter:<\/h5>\n\n\n\n<p>Je vous r\u00e9ponds volontiers en fran\u00e7ais, en anglais ou en allemand.&nbsp;<\/p>\n\n\n\n<p><a href=\"mailto::lisa.fisler@arvensis-naturalistes.ch\">Mail<\/a><\/p>\n<\/div>\n<\/div>\n<\/div>\n<\/div>\n\n\n\n<p><\/p>\n","protected":false},"excerpt":{"rendered":"<p>Entomologiste \u2013 Biologiste (UniBe Master of Science in Ecology and Evolution) Pr\u00e9sentation: Mes \u00e9tudes en biologie m\u2019ont amen\u00e9e \u00e0 d\u00e9couvrir puis \u00e0 me sp\u00e9cialiser sur une famille de dipt\u00e8res connus pour leur habile imitation des hym\u00e9nopt\u00e8res&nbsp;: les Syrphidae. Depuis, j\u2019ai<\/p>\n","protected":false},"author":2,"featured_media":0,"parent":485,"menu_order":0,"comment_status":"closed","ping_status":"closed","template":"","meta":[],"_links":{"self":[{"href":"https:\/\/arvensis-naturalistes.ch\/index.php?rest_route=\/wp\/v2\/pages\/716"}],"collection":[{"href":"https:\/\/arvensis-naturalistes.ch\/index.php?rest_route=\/wp\/v2\/pages"}],"about":[{"href":"https:\/\/arvensis-naturalistes.ch\/index.php?rest_route=\/wp\/v2\/types\/page"}],"author":[{"embeddable":true,"href":"https:\/\/arvensis-naturalistes.ch\/index.php?rest_route=\/wp\/v2\/users\/2"}],"replies":[{"embeddable":true,"href":"https:\/\/arvensis-naturalistes.ch\/index.php?rest_route=%2Fwp%2Fv2%2Fcomments&post=716"}],"version-history":[{"count":6,"href":"https:\/\/arvensis-naturalistes.ch\/index.php?rest_route=\/wp\/v2\/pages\/716\/revisions"}],"predecessor-version":[{"id":1031,"href":"https:\/\/arvensis-naturalistes.ch\/index.php?rest_route=\/wp\/v2\/pages\/716\/revisions\/1031"}],"up":[{"embeddable":true,"href":"https:\/\/arvensis-naturalistes.ch\/index.php?rest_route=\/wp\/v2\/pages\/485"}],"wp:attachment":[{"href":"https:\/\/arvensis-naturalistes.ch\/index.php?rest_route=%2Fwp%2Fv2%2Fmedia&parent=716"}],"curies":[{"name":"wp","href":"https:\/\/api.w.org\/{rel}","templated":true}]}}