{"id":724,"date":"2020-05-15T13:35:00","date_gmt":"2020-05-15T13:35:00","guid":{"rendered":"https:\/\/arvensis-naturalistes.ch\/?page_id=724"},"modified":"2021-12-20T18:49:15","modified_gmt":"2021-12-20T18:49:15","slug":"gael","status":"publish","type":"page","link":"https:\/\/arvensis-naturalistes.ch\/?page_id=724","title":{"rendered":"Ga\u00ebl P\u00e9tremand"},"content":{"rendered":"\n<h4><strong><em><strong><strong>Entomologiste \u2013 environnementaliste UniGE (Master \u00e8s Sciences de l\u2019Environnement)<\/strong><\/strong><\/em><\/strong><\/h4>\n\n\n\n<div class=\"wp-block-columns\">\n<div class=\"wp-block-column\">\n<h5>Pr\u00e9sentation:<\/h5>\n\n\n\n<p>Apr\u00e8s des \u00e9tudes en g\u00e9ographie alpine et en sciences de l\u2019environnement durant lesquelles j\u2019ai pu d\u00e9couvrir les merveilles du monde min\u00e9ral et de la diversit\u00e9 du vivant, j\u2019ai eu la chance de travailler quelques ann\u00e9es \u00e0 l\u2019hepia dans un laboratoire d\u2019entomologie appliqu\u00e9e. Dans ce cadre et durant mon travail de master \u00e0 l\u2019Universit\u00e9 de Gen\u00e8ve, je me suis sp\u00e9cialis\u00e9, en contexte agricole et urbain, dans l\u2019\u00e9tude de certains groupes faunistiques tels que les syrphes, les carabes, les abeilles sauvages ainsi que certains ravageurs et auxiliaires des cultures. D\u00e8s 2018, j\u2019ai commenc\u00e9 \u00e0 travailler en tant qu\u2019ind\u00e9pendant sur diff\u00e9rents projets, principalement li\u00e9s aux syrphes et \u00e0 l\u2019utilisation de la m\u00e9thode&nbsp;<em>Syrph the Net.&nbsp;<\/em>Depuis 2019, je m\u00e8ne \u00e9galement un projet de recherche, \u00e0 l\u2019Universit\u00e9 de Gen\u00e8ve, sur la promotion des insectes auxiliaires en grandes cultures via l\u2019implantation de milieux semi-naturels.&nbsp;En parall\u00e8le, je m\u2019int\u00e9resse \u00e9galement \u00e0 d\u2019autres familles&nbsp;d\u2019insectes tels que les Conopidae, Asilidae (Diptera) ou les Formicidae et Sphecidae (Hymenoptera).&nbsp;<\/p>\n\n\n\n<p>Toutefois quand les insectes assaillent trop mon esprit, j\u2019en profite pour aller go\u00fbter l\u2019air frais de la montagne, sauter dans le lac, fa\u00e7onner du bon pain, me salir les mains au jardin ou faire une visite au rucher. Sinon j\u2019aime beaucoup la vie collective, ma petite famille et les fins de journ\u00e9es au soleil&nbsp;!<\/p>\n\n\n\n<p><a href=\"https:\/\/www.researchgate.net\/profile\/Gael_Petremand\/research\"><strong>Mes publications<\/strong><\/a><\/p>\n<\/div>\n\n\n\n<div class=\"wp-block-column\">\n<h5>Synth\u00e8se des comp\u00e9tences:<\/h5>\n\n\n\n<ul><li>Inventaire, suivi et monitoring de la biodiversit\u00e9 (insectes)<\/li><li>Diagnostics \u00e9cologiques :<\/li><li>Milieux agricoles et naturels (<em>Syrph the net<\/em>, abeilles sauvages et carabes)<\/li><li>Milieux urbains&nbsp;(parcs et toitures v\u00e9g\u00e9talis\u00e9es)<\/li><li>Publications scientifiques, vulgarisation<\/li><li>Cartographie SIG<\/li><li>Bases d\u2019analyses statistiques dans R<\/li><\/ul>\n<\/div>\n<\/div>\n\n\n\n<div class=\"wp-block-columns\">\n<div class=\"wp-block-column\" style=\"flex-basis:100%\">\n<div class=\"wp-block-columns\">\n<div class=\"wp-block-column\">\n<figure class=\"wp-block-image size-large\"><img loading=\"lazy\" width=\"769\" height=\"769\" src=\"https:\/\/arvensis-naturalistes.ch\/wp-content\/uploads\/2021\/02\/Gael_1x1.jpg\" alt=\"\" class=\"wp-image-839\" srcset=\"https:\/\/arvensis-naturalistes.ch\/wp-content\/uploads\/2021\/02\/Gael_1x1.jpg 769w, https:\/\/arvensis-naturalistes.ch\/wp-content\/uploads\/2021\/02\/Gael_1x1-300x300.jpg 300w, https:\/\/arvensis-naturalistes.ch\/wp-content\/uploads\/2021\/02\/Gael_1x1-150x150.jpg 150w, https:\/\/arvensis-naturalistes.ch\/wp-content\/uploads\/2021\/02\/Gael_1x1-270x270.jpg 270w, https:\/\/arvensis-naturalistes.ch\/wp-content\/uploads\/2021\/02\/Gael_1x1-230x230.jpg 230w\" sizes=\"(max-width: 769px) 100vw, 769px\" \/><\/figure>\n<\/div>\n\n\n\n<div class=\"wp-block-column\" style=\"flex-basis:80%\">\n<h5>Me contacter:<\/h5>\n\n\n\n<p>Je suis bas\u00e9 \u00e0 Lausanne o\u00f9 je partage un petit bureau avec des amis. Je r\u00e9ponds volontiers en fran\u00e7ais, en anglais voire en espagnol et en italien si la journ\u00e9e est belle.&nbsp;<\/p>\n\n\n\n<p><strong>Adresse:<\/strong><br>Ga\u00ebl P\u00e9tremand<br>Av. Tissot 12<br>CH-1005 Lausanne<\/p>\n\n\n\n<p><a href=\"mailto::gael.petremand@arvensis-naturalistes.ch\">Mail<\/a><\/p>\n<\/div>\n<\/div>\n<\/div>\n<\/div>\n\n\n\n<p><\/p>\n","protected":false},"excerpt":{"rendered":"<p>Entomologiste \u2013 environnementaliste UniGE (Master \u00e8s Sciences de l\u2019Environnement) Pr\u00e9sentation: Apr\u00e8s des \u00e9tudes en g\u00e9ographie alpine et en sciences de l\u2019environnement durant lesquelles j\u2019ai pu d\u00e9couvrir les merveilles du monde min\u00e9ral et de la diversit\u00e9 du vivant, j\u2019ai eu la<\/p>\n","protected":false},"author":2,"featured_media":0,"parent":485,"menu_order":0,"comment_status":"closed","ping_status":"closed","template":"","meta":[],"_links":{"self":[{"href":"https:\/\/arvensis-naturalistes.ch\/index.php?rest_route=\/wp\/v2\/pages\/724"}],"collection":[{"href":"https:\/\/arvensis-naturalistes.ch\/index.php?rest_route=\/wp\/v2\/pages"}],"about":[{"href":"https:\/\/arvensis-naturalistes.ch\/index.php?rest_route=\/wp\/v2\/types\/page"}],"author":[{"embeddable":true,"href":"https:\/\/arvensis-naturalistes.ch\/index.php?rest_route=\/wp\/v2\/users\/2"}],"replies":[{"embeddable":true,"href":"https:\/\/arvensis-naturalistes.ch\/index.php?rest_route=%2Fwp%2Fv2%2Fcomments&post=724"}],"version-history":[{"count":7,"href":"https:\/\/arvensis-naturalistes.ch\/index.php?rest_route=\/wp\/v2\/pages\/724\/revisions"}],"predecessor-version":[{"id":1089,"href":"https:\/\/arvensis-naturalistes.ch\/index.php?rest_route=\/wp\/v2\/pages\/724\/revisions\/1089"}],"up":[{"embeddable":true,"href":"https:\/\/arvensis-naturalistes.ch\/index.php?rest_route=\/wp\/v2\/pages\/485"}],"wp:attachment":[{"href":"https:\/\/arvensis-naturalistes.ch\/index.php?rest_route=%2Fwp%2Fv2%2Fmedia&parent=724"}],"curies":[{"name":"wp","href":"https:\/\/api.w.org\/{rel}","templated":true}]}}