{"id":726,"date":"2020-05-15T13:36:45","date_gmt":"2020-05-15T13:36:45","guid":{"rendered":"https:\/\/arvensis-naturalistes.ch\/?page_id=726"},"modified":"2024-03-19T17:18:45","modified_gmt":"2024-03-19T16:18:45","slug":"killian","status":"publish","type":"page","link":"https:\/\/arvensis-naturalistes.ch\/?page_id=726","title":{"rendered":"Killian Vaucher"},"content":{"rendered":"\n<h4><strong><em><strong><strong>Entomologiste &#8211; Biologiste UNINE (Master \u00e8s Sciences en Biologie&nbsp;: agriculture durable, \u00e9volution et biodiversit\u00e9)<\/strong><\/strong><\/em><\/strong><\/h4>\n\n\n\n<div class=\"wp-block-columns\">\n<div class=\"wp-block-column\">\n<h5>Pr\u00e9sentation:<\/h5>\n\n\n\n<p>Durant mon Bachelor en Biologie \u00e0 l\u2019Universit\u00e9 de Neuch\u00e2tel, j\u2019ai eu la chance de d\u00e9couvrir le monde fascinant des oiseaux. Apr\u00e8s une saison de suivi de la migration et de baguage au col de Jaman, je suis tomb\u00e9, lors d\u2019un stage en entomologie \u00e0 l\u2019Agroscope, sur une dr\u00f4le d\u2019abeille aux longues antennes. Pris d\u2019affection pour ces petites b\u00eates, mon travail de Master s\u2019est alors port\u00e9 sur l\u2019impact de la revitalisation de la zone alluviale de Finges sur les abeilles sauvages. J\u2019ai ensuite employ\u00e9 mon temps sur le terrain aux recensements et \u00e0 la recherche d\u2019esp\u00e8ces rares (notamment pour la Liste Rouge&nbsp;abeilles sauvages et orthopt\u00e8res). Mes hivers se passent g\u00e9n\u00e9ralement au chaud, soit au mus\u00e9e, travaillant \u00e0 l\u2019int\u00e9gration des sp\u00e9cimens dans les collections entomologiques, soit \u00e0 l\u2019\u00e9tranger pour observer les oiseaux et la faune en g\u00e9n\u00e9ral.&nbsp;<\/p>\n\n\n\n<p>Lorsque je ne travaille pas, vous me trouverez en montagne, au Jura dans les grottes en sp\u00e9l\u00e9ologie, au Tessin dans les cascades en canyoning ou en Valais sur les sommets enneig\u00e9s, piolets-crampons ou ski, admirant la vue. Il suffira alors de suivre les \u00e9manations de fondue au fromage, mais n\u2019oubliez pas votre fourchette&nbsp;!&nbsp;<\/p>\n<\/div>\n\n\n\n<div class=\"wp-block-column\">\n<h5>Synth\u00e8se des comp\u00e9tences:<\/h5>\n\n\n\n<ul><li>Inventaire, suivi et monitoring de la biodiversit\u00e9<ul><li>Abeilles sauvages&nbsp;<\/li><\/ul><ul><li>Orthopt\u00e8res<\/li><\/ul><ul><li>Oiseaux<\/li><\/ul><ul><li>L\u00e9pidopt\u00e8res<\/li><\/ul><\/li><li>\u00c9levage d\u2019insectes (pyrales, parasito\u00efdes, h\u00e9mipt\u00e8res&#8230;)<\/li><li>Pr\u00e9paration et int\u00e9gration d\u2019insectes dans les collections mus\u00e9ales<\/li><\/ul>\n<\/div>\n<\/div>\n\n\n\n<div class=\"wp-block-columns\">\n<div class=\"wp-block-column\" style=\"flex-basis:100%\">\n<div class=\"wp-block-columns\">\n<div class=\"wp-block-column\">\n<figure class=\"wp-block-image size-large\"><img src=\"https:\/\/arvensis-naturalistes.ch\/wp-content\/uploads\/2021\/02\/Killian-1024x961.jpg\" alt=\"\" class=\"wp-image-847\"\/><\/figure>\n<\/div>\n\n\n\n<div class=\"wp-block-column\" style=\"flex-basis:80%\">\n<h5>Me contacter:<\/h5>\n\n\n\n<p>Je vous r\u00e9ponds volontiers en fran\u00e7ais ou en anglais, ou avec un peu d\u2019indulgence de votre part en allemand.&nbsp;<\/p>\n\n\n\n<p><a href=\"mailto:killian@eire.ch\">Mail<\/a><\/p>\n<\/div>\n<\/div>\n<\/div>\n<\/div>\n\n\n\n<p><\/p>\n","protected":false},"excerpt":{"rendered":"<p>Entomologiste &#8211; Biologiste UNINE (Master \u00e8s Sciences en Biologie&nbsp;: agriculture durable, \u00e9volution et biodiversit\u00e9) Pr\u00e9sentation: Durant mon Bachelor en Biologie \u00e0 l\u2019Universit\u00e9 de Neuch\u00e2tel, j\u2019ai eu la chance de d\u00e9couvrir le monde fascinant des oiseaux. Apr\u00e8s une saison de suivi<\/p>\n","protected":false},"author":2,"featured_media":0,"parent":485,"menu_order":0,"comment_status":"closed","ping_status":"closed","template":"","meta":[],"_links":{"self":[{"href":"https:\/\/arvensis-naturalistes.ch\/index.php?rest_route=\/wp\/v2\/pages\/726"}],"collection":[{"href":"https:\/\/arvensis-naturalistes.ch\/index.php?rest_route=\/wp\/v2\/pages"}],"about":[{"href":"https:\/\/arvensis-naturalistes.ch\/index.php?rest_route=\/wp\/v2\/types\/page"}],"author":[{"embeddable":true,"href":"https:\/\/arvensis-naturalistes.ch\/index.php?rest_route=\/wp\/v2\/users\/2"}],"replies":[{"embeddable":true,"href":"https:\/\/arvensis-naturalistes.ch\/index.php?rest_route=%2Fwp%2Fv2%2Fcomments&post=726"}],"version-history":[{"count":7,"href":"https:\/\/arvensis-naturalistes.ch\/index.php?rest_route=\/wp\/v2\/pages\/726\/revisions"}],"predecessor-version":[{"id":1270,"href":"https:\/\/arvensis-naturalistes.ch\/index.php?rest_route=\/wp\/v2\/pages\/726\/revisions\/1270"}],"up":[{"embeddable":true,"href":"https:\/\/arvensis-naturalistes.ch\/index.php?rest_route=\/wp\/v2\/pages\/485"}],"wp:attachment":[{"href":"https:\/\/arvensis-naturalistes.ch\/index.php?rest_route=%2Fwp%2Fv2%2Fmedia&parent=726"}],"curies":[{"name":"wp","href":"https:\/\/api.w.org\/{rel}","templated":true}]}}