{"id":731,"date":"2020-05-15T13:39:51","date_gmt":"2020-05-15T13:39:51","guid":{"rendered":"https:\/\/arvensis-naturalistes.ch\/?page_id=731"},"modified":"2021-02-22T10:59:39","modified_gmt":"2021-02-22T10:59:39","slug":"alberto","status":"publish","type":"page","link":"https:\/\/arvensis-naturalistes.ch\/?page_id=731","title":{"rendered":"Alberto Serres-H\u00e4nni"},"content":{"rendered":"\n<h4><strong><em>Botaniste&nbsp;\u2013&nbsp;Ing\u00e9nieur HES en gestion de la nature<\/em><\/strong><\/h4>\n\n\n\n<div class=\"wp-block-columns\">\n<div class=\"wp-block-column\">\n<h5>Pr\u00e9sentation:<\/h5>\n\n\n\n<p>Apr\u00e8s plusieurs ann\u00e9es dans l\u2019informatique, j\u2019ai effectu\u00e9 une reconversion en ing\u00e9nierie de l\u2019environnement \u00e0 hepia. Cette formation fondamentalement ax\u00e9e sur la pratique m\u2019a donn\u00e9 des comp\u00e9tences appliqu\u00e9es dans plusieurs de nos&nbsp;<a href=\"https:\/\/arvensis-naturalistes.ch\/?page_id=579\">domaines d\u2019activit\u00e9<\/a>. Je suis, par exemple, habitu\u00e9 \u00e0 l\u2019usage des outils SIG (ce que je commence \u00e0 assaisonner \u00e0 mon go\u00fbt en les agr\u00e9mentant de quelques touches de programmation). Mais mes \u00e9tudes m\u2019ont surtout amen\u00e9 \u00e0 renouer avec une passion d\u2019enfance, celle de l\u2019usage des plantes. Depuis, j\u2019ai acquis une exp\u00e9rience consid\u00e9rable en tant que botaniste de terrain (relev\u00e9s de v\u00e9g\u00e9tation, floristique et connaissance de milieux).<\/p>\n\n\n\n<p>Mes connaissances en botanique se sont vues d\u2019ailleurs enrichies lors de mon travail au Jardin Botanique de Gen\u00e8ve (monitoring des milieux, banque de semences) et d\u2019un stage chez Info Flora. A cette occasion j\u2019ai \u00e9galement&nbsp;&nbsp;particip\u00e9 \u00e0 la publication du guide d\u2019excursions de Flora Helvetica et j\u2019ai eu m\u00eame le plaisir d\u2019y faire une petite contribution avec&nbsp;<a href=\"https:\/\/wiki.infoflora.ch\/swissflorawiki\/fr\/Amaranthus\">mes propres dessins<\/a>.<\/p>\n\n\n\n<p>Face \u00e0 la nature, ma capacit\u00e9 d\u2019\u00e9merveillement ne cesse de se renouveler et il en va de m\u00eame avec mes centres d\u2019int\u00e9r\u00eat. Depuis quelque temps, j\u2019\u00e9tudie \u00e9galement les mousses, libellules et papillons, groupes que je commence \u00e0 bien conna\u00eetre.<\/p>\n\n\n\n<p>J\u2019aime le travail bien fait, mais je prends avec tout autant de s\u00e9rieux mes moments de loisir. Si je ne suis pas en train de pr\u00e9parer une confiture aux fruits sauvages, je suis s\u00fbrement en train de faire du sport (yoga, bloc, arts martiaux, patinage\u2026) ou de m\u2019occuper du potager. Et quand la nuit arrive, j\u2019aime l\u2019accueillir&nbsp;<em>while my guitar gently weeps<\/em>.<\/p>\n<\/div>\n\n\n\n<div class=\"wp-block-column\">\n<h5>Synth\u00e8se des comp\u00e9tences:<\/h5>\n\n\n\n<ul id=\"block-19fc3ec7-dd7a-40b7-9b3a-ef3fa7f1d84a\"><li>Inventaire, suivi et monitoring de la biodiversit\u00e9 (v\u00e9g\u00e9taux)<\/li><li>Phytosociologie, valeurs \u00e9cologiques<\/li><li>Cartographie (ArcGIS \/ QGIS), Bases de donn\u00e9es, CAD<\/li><li>R (bases de statistiques), Vegedaz, Minitab<\/li><li>Plans d\u2019action et de gestion, am\u00e9nagement et entretien, RAE<\/li><li>Diagnostic environnemental d\u2019exploitation<\/li><li>Vulgarisation et publication,&nbsp;<a href=\"https:\/\/wiki.infoflora.ch\/swissflorawiki\/fr\/Atriplex\">dessin scientifique<\/a>&nbsp;et illustration<\/li><li>Traduction multilingue<\/li><li>Tests de germination et racinaires<\/li><li>T\u00e9l\u00e9m\u00e9trie<\/li><\/ul>\n<\/div>\n<\/div>\n\n\n\n<div class=\"wp-block-columns\">\n<div class=\"wp-block-column\" style=\"flex-basis:100%\">\n<div class=\"wp-block-columns\">\n<div class=\"wp-block-column\">\n<figure class=\"wp-block-image\"><img src=\"https:\/\/arvensis-naturalistes.ch\/wp-content\/uploads\/2021\/02\/ash_photo-1.jpg\" alt=\"\" class=\"wp-image-806\"\/><\/figure>\n<\/div>\n\n\n\n<div class=\"wp-block-column\" style=\"flex-basis:80%\">\n<h5>Me contacter:<\/h5>\n\n\n\n<p>Vous pouvez me contacter en fran\u00e7ais, allemand, anglais et espagnol.<\/p>\n\n\n\n<p><a href=\"mailto:alberto.serreshanni@arvensis-naturalistes.ch\">Mail<\/a><\/p>\n<\/div>\n<\/div>\n<\/div>\n<\/div>\n\n\n\n<p><\/p>\n","protected":false},"excerpt":{"rendered":"<p>Botaniste&nbsp;\u2013&nbsp;Ing\u00e9nieur HES en gestion de la nature Pr\u00e9sentation: Apr\u00e8s plusieurs ann\u00e9es dans l\u2019informatique, j\u2019ai effectu\u00e9 une reconversion en ing\u00e9nierie de l\u2019environnement \u00e0 hepia. Cette formation fondamentalement ax\u00e9e sur la pratique m\u2019a donn\u00e9 des comp\u00e9tences appliqu\u00e9es dans plusieurs de nos&nbsp;domaines d\u2019activit\u00e9.<\/p>\n","protected":false},"author":2,"featured_media":0,"parent":485,"menu_order":0,"comment_status":"closed","ping_status":"closed","template":"","meta":[],"_links":{"self":[{"href":"https:\/\/arvensis-naturalistes.ch\/index.php?rest_route=\/wp\/v2\/pages\/731"}],"collection":[{"href":"https:\/\/arvensis-naturalistes.ch\/index.php?rest_route=\/wp\/v2\/pages"}],"about":[{"href":"https:\/\/arvensis-naturalistes.ch\/index.php?rest_route=\/wp\/v2\/types\/page"}],"author":[{"embeddable":true,"href":"https:\/\/arvensis-naturalistes.ch\/index.php?rest_route=\/wp\/v2\/users\/2"}],"replies":[{"embeddable":true,"href":"https:\/\/arvensis-naturalistes.ch\/index.php?rest_route=%2Fwp%2Fv2%2Fcomments&post=731"}],"version-history":[{"count":21,"href":"https:\/\/arvensis-naturalistes.ch\/index.php?rest_route=\/wp\/v2\/pages\/731\/revisions"}],"predecessor-version":[{"id":947,"href":"https:\/\/arvensis-naturalistes.ch\/index.php?rest_route=\/wp\/v2\/pages\/731\/revisions\/947"}],"up":[{"embeddable":true,"href":"https:\/\/arvensis-naturalistes.ch\/index.php?rest_route=\/wp\/v2\/pages\/485"}],"wp:attachment":[{"href":"https:\/\/arvensis-naturalistes.ch\/index.php?rest_route=%2Fwp%2Fv2%2Fmedia&parent=731"}],"curies":[{"name":"wp","href":"https:\/\/api.w.org\/{rel}","templated":true}]}}