{"id":733,"date":"2020-05-15T13:40:12","date_gmt":"2020-05-15T13:40:12","guid":{"rendered":"https:\/\/arvensis-naturalistes.ch\/?page_id=733"},"modified":"2021-02-22T11:24:34","modified_gmt":"2021-02-22T11:24:34","slug":"celine","status":"publish","type":"page","link":"https:\/\/arvensis-naturalistes.ch\/?page_id=733","title":{"rendered":"C\u00e9line Heimo"},"content":{"rendered":"\n<h4><strong><em><strong>Ing\u00e9nieure HES en gestion de la nature \u2013 Biologiste UNINE (Master \u00e8s sciences en Biog\u00e9osciences)<\/strong><\/em><\/strong><\/h4>\n\n\n\n<div class=\"wp-block-columns\">\n<div class=\"wp-block-column\">\n<h5>Pr\u00e9sentation:<\/h5>\n\n\n\n<p>Je poursuis le r\u00eave de trouver une voie d\u2019harmonie entre homme et environnement, au travers de la connaissance et de l\u2019estime du vivant, de la terre, des cycles naturels, de nos racines et de la mixit\u00e9 des cultures. J\u2019aime rechercher \u00e0 comprendre comment fonctionne les syst\u00e8mes et observer la beaut\u00e9 qui se d\u00e9gage du tissage naturel. Les concepts cl\u00e9s autour desquels je gravite sont la sensibilisation et d\u00e9couverte par l\u2019observation, l\u2019\u00e9change, la conciliation des int\u00e9r\u00eats, la valorisation des potentiels, la restauration des \u00e9quilibres, la durabilit\u00e9.<\/p>\n<\/div>\n\n\n\n<div class=\"wp-block-column\">\n<h5>Synth\u00e8se des comp\u00e9tences:<\/h5>\n\n\n\n<ul><li>Etudes floristiques et phytosociologiques<\/li><li>Etudes p\u00e9dologiques&nbsp;<\/li><li>Plans de gestion de milieux naturels et espaces verts, am\u00e9nagements et entretiens de milieux terrestres et aquatiques<\/li><li>Projets agro-\u00e9cologiques (qualit\u00e9 II, r\u00e9seaux \u00e9cologiques, plans de gestion int\u00e9gr\u00e9e de p\u00e2turages bois\u00e9s)<\/li><li>Etudes batrachologiques (plans d\u2019action)<\/li><li>Cartographie SIG, conception CAO-DAO<\/li><li>Animation et vulgarisation<\/li><\/ul>\n<\/div>\n<\/div>\n\n\n\n<div class=\"wp-block-columns\">\n<div class=\"wp-block-column\" style=\"flex-basis:100%\">\n<div class=\"wp-block-columns\">\n<div class=\"wp-block-column\">\n<figure class=\"wp-block-image size-large\"><img loading=\"lazy\" width=\"1024\" height=\"1024\" src=\"https:\/\/arvensis-naturalistes.ch\/wp-content\/uploads\/2021\/02\/Celine_1x1-1024x1024.jpg\" alt=\"\" class=\"wp-image-830\" srcset=\"https:\/\/arvensis-naturalistes.ch\/wp-content\/uploads\/2021\/02\/Celine_1x1-1024x1024.jpg 1024w, https:\/\/arvensis-naturalistes.ch\/wp-content\/uploads\/2021\/02\/Celine_1x1-300x300.jpg 300w, https:\/\/arvensis-naturalistes.ch\/wp-content\/uploads\/2021\/02\/Celine_1x1-150x150.jpg 150w, https:\/\/arvensis-naturalistes.ch\/wp-content\/uploads\/2021\/02\/Celine_1x1-768x768.jpg 768w, https:\/\/arvensis-naturalistes.ch\/wp-content\/uploads\/2021\/02\/Celine_1x1-1536x1536.jpg 1536w, https:\/\/arvensis-naturalistes.ch\/wp-content\/uploads\/2021\/02\/Celine_1x1-2048x2048.jpg 2048w, https:\/\/arvensis-naturalistes.ch\/wp-content\/uploads\/2021\/02\/Celine_1x1-270x270.jpg 270w, https:\/\/arvensis-naturalistes.ch\/wp-content\/uploads\/2021\/02\/Celine_1x1-230x230.jpg 230w\" sizes=\"(max-width: 1024px) 100vw, 1024px\" \/><\/figure>\n<\/div>\n\n\n\n<div class=\"wp-block-column\" style=\"flex-basis:80%\">\n<h5>Me contacter:<\/h5>\n\n\n\n<p><a href=\"mailto::celine.heimo@banyann.ch\">Mail<\/a><\/p>\n<\/div>\n<\/div>\n<\/div>\n<\/div>\n\n\n\n<p><\/p>\n","protected":false},"excerpt":{"rendered":"<p>Ing\u00e9nieure HES en gestion de la nature \u2013 Biologiste UNINE (Master \u00e8s sciences en Biog\u00e9osciences) Pr\u00e9sentation: Je poursuis le r\u00eave de trouver une voie d\u2019harmonie entre homme et environnement, au travers de la connaissance et de l\u2019estime du vivant, de<\/p>\n","protected":false},"author":2,"featured_media":0,"parent":485,"menu_order":0,"comment_status":"closed","ping_status":"closed","template":"","meta":[],"_links":{"self":[{"href":"https:\/\/arvensis-naturalistes.ch\/index.php?rest_route=\/wp\/v2\/pages\/733"}],"collection":[{"href":"https:\/\/arvensis-naturalistes.ch\/index.php?rest_route=\/wp\/v2\/pages"}],"about":[{"href":"https:\/\/arvensis-naturalistes.ch\/index.php?rest_route=\/wp\/v2\/types\/page"}],"author":[{"embeddable":true,"href":"https:\/\/arvensis-naturalistes.ch\/index.php?rest_route=\/wp\/v2\/users\/2"}],"replies":[{"embeddable":true,"href":"https:\/\/arvensis-naturalistes.ch\/index.php?rest_route=%2Fwp%2Fv2%2Fcomments&post=733"}],"version-history":[{"count":4,"href":"https:\/\/arvensis-naturalistes.ch\/index.php?rest_route=\/wp\/v2\/pages\/733\/revisions"}],"predecessor-version":[{"id":962,"href":"https:\/\/arvensis-naturalistes.ch\/index.php?rest_route=\/wp\/v2\/pages\/733\/revisions\/962"}],"up":[{"embeddable":true,"href":"https:\/\/arvensis-naturalistes.ch\/index.php?rest_route=\/wp\/v2\/pages\/485"}],"wp:attachment":[{"href":"https:\/\/arvensis-naturalistes.ch\/index.php?rest_route=%2Fwp%2Fv2%2Fmedia&parent=733"}],"curies":[{"name":"wp","href":"https:\/\/api.w.org\/{rel}","templated":true}]}}