{"id":855,"date":"2021-02-19T11:47:17","date_gmt":"2021-02-19T11:47:17","guid":{"rendered":"https:\/\/arvensis-naturalistes.ch\/?page_id=855"},"modified":"2022-01-14T20:33:07","modified_gmt":"2022-01-14T20:33:07","slug":"etudes-ornithologiques","status":"publish","type":"page","link":"https:\/\/arvensis-naturalistes.ch\/?page_id=855","title":{"rendered":"\u00c9tudes ornithologiques"},"content":{"rendered":"\n<p>Ce domaine d\u2019\u00e9tude regroupe l\u2019ensemble des suivis cibl\u00e9s sur les oiseaux. Il s\u2019agit notamment d\u2019inventaires de l\u2019avifaune, du monitoring d\u2019esp\u00e8ces nicheuses, de cartographie et estimation des populations d\u2019esp\u00e8ces cibles. Des projets de recherches, notamment en lien avec l\u2019\u00e9thologie ou l\u2019\u00e9cologie de certaines esp\u00e8ces, entrent \u00e9galement dans les comp\u00e9tences de certains membres du collectif.<\/p>\n\n\n\n<p><strong>Membres comp\u00e9tents:<\/strong> <a href=\"https:\/\/arvensis-naturalistes.ch\/?page_id=722\">Arnaud Vallat<\/a> &#8211; <a href=\"https:\/\/arvensis-naturalistes.ch\/?page_id=720\">Killian Vaucher<\/a> &#8211; <a href=\"https:\/\/arvensis-naturalistes.ch\/?page_id=989\">Gabriel Marcacci<\/a><\/p>\n\n\n\n<div class=\"wp-block-columns\">\n<div class=\"wp-block-column\">\n<figure class=\"wp-block-image size-large\"><img loading=\"lazy\" width=\"1024\" height=\"683\" src=\"https:\/\/arvensis-naturalistes.ch\/wp-content\/uploads\/2022\/01\/Bruant_Killian-1024x683.jpg\" alt=\"\" class=\"wp-image-1230\" srcset=\"https:\/\/arvensis-naturalistes.ch\/wp-content\/uploads\/2022\/01\/Bruant_Killian-1024x683.jpg 1024w, https:\/\/arvensis-naturalistes.ch\/wp-content\/uploads\/2022\/01\/Bruant_Killian-300x200.jpg 300w, https:\/\/arvensis-naturalistes.ch\/wp-content\/uploads\/2022\/01\/Bruant_Killian-768x512.jpg 768w, https:\/\/arvensis-naturalistes.ch\/wp-content\/uploads\/2022\/01\/Bruant_Killian-1536x1024.jpg 1536w, https:\/\/arvensis-naturalistes.ch\/wp-content\/uploads\/2022\/01\/Bruant_Killian-2048x1365.jpg 2048w\" sizes=\"(max-width: 1024px) 100vw, 1024px\" \/><\/figure>\n<\/div>\n\n\n\n<div class=\"wp-block-column\">\n<figure class=\"wp-block-image size-large\"><img loading=\"lazy\" width=\"1024\" height=\"683\" src=\"https:\/\/arvensis-naturalistes.ch\/wp-content\/uploads\/2022\/01\/Lagopede_Killian-1024x683.jpg\" alt=\"\" class=\"wp-image-1231\" srcset=\"https:\/\/arvensis-naturalistes.ch\/wp-content\/uploads\/2022\/01\/Lagopede_Killian-1024x683.jpg 1024w, https:\/\/arvensis-naturalistes.ch\/wp-content\/uploads\/2022\/01\/Lagopede_Killian-300x200.jpg 300w, https:\/\/arvensis-naturalistes.ch\/wp-content\/uploads\/2022\/01\/Lagopede_Killian-768x512.jpg 768w, https:\/\/arvensis-naturalistes.ch\/wp-content\/uploads\/2022\/01\/Lagopede_Killian-1536x1024.jpg 1536w, https:\/\/arvensis-naturalistes.ch\/wp-content\/uploads\/2022\/01\/Lagopede_Killian-2048x1365.jpg 2048w\" sizes=\"(max-width: 1024px) 100vw, 1024px\" \/><\/figure>\n<\/div>\n<\/div>\n","protected":false},"excerpt":{"rendered":"<p>Ce domaine d\u2019\u00e9tude regroupe l\u2019ensemble des suivis cibl\u00e9s sur les oiseaux. Il s\u2019agit notamment d\u2019inventaires de l\u2019avifaune, du monitoring d\u2019esp\u00e8ces nicheuses, de cartographie et estimation des populations d\u2019esp\u00e8ces cibles. Des projets de recherches, notamment en lien avec l\u2019\u00e9thologie ou l\u2019\u00e9cologie<\/p>\n","protected":false},"author":2,"featured_media":0,"parent":579,"menu_order":0,"comment_status":"closed","ping_status":"closed","template":"","meta":[],"_links":{"self":[{"href":"https:\/\/arvensis-naturalistes.ch\/index.php?rest_route=\/wp\/v2\/pages\/855"}],"collection":[{"href":"https:\/\/arvensis-naturalistes.ch\/index.php?rest_route=\/wp\/v2\/pages"}],"about":[{"href":"https:\/\/arvensis-naturalistes.ch\/index.php?rest_route=\/wp\/v2\/types\/page"}],"author":[{"embeddable":true,"href":"https:\/\/arvensis-naturalistes.ch\/index.php?rest_route=\/wp\/v2\/users\/2"}],"replies":[{"embeddable":true,"href":"https:\/\/arvensis-naturalistes.ch\/index.php?rest_route=%2Fwp%2Fv2%2Fcomments&post=855"}],"version-history":[{"count":5,"href":"https:\/\/arvensis-naturalistes.ch\/index.php?rest_route=\/wp\/v2\/pages\/855\/revisions"}],"predecessor-version":[{"id":1232,"href":"https:\/\/arvensis-naturalistes.ch\/index.php?rest_route=\/wp\/v2\/pages\/855\/revisions\/1232"}],"up":[{"embeddable":true,"href":"https:\/\/arvensis-naturalistes.ch\/index.php?rest_route=\/wp\/v2\/pages\/579"}],"wp:attachment":[{"href":"https:\/\/arvensis-naturalistes.ch\/index.php?rest_route=%2Fwp%2Fv2%2Fmedia&parent=855"}],"curies":[{"name":"wp","href":"https:\/\/api.w.org\/{rel}","templated":true}]}}