{"id":886,"date":"2021-02-19T16:56:42","date_gmt":"2021-02-19T16:56:42","guid":{"rendered":"https:\/\/arvensis-naturalistes.ch\/?page_id=886"},"modified":"2022-01-14T20:52:04","modified_gmt":"2022-01-14T20:52:04","slug":"etudes-entomologiques","status":"publish","type":"page","link":"https:\/\/arvensis-naturalistes.ch\/?page_id=886","title":{"rendered":"\u00c9tudes entomologiques"},"content":{"rendered":"\n<p>Les membres du collectif Arvensis sont sp\u00e9cialis\u00e9s dans l\u2019identification et l\u2019\u00e9tude de diff\u00e9rents groupes d\u2019insectes. Ces groupes incluent des insectes couramment \u00e9tudi\u00e9s dans les milieux humides, telles que les libellules, dans les milieux prairiaux, tels les orthopt\u00e8res, les papillons de jour, les abeilles sauvages ou encore les syrphes, ainsi que dans les milieux forestiers, tels les col\u00e9opt\u00e8res saproxyliques et les syrphes. Nous poss\u00e9dons aussi des comp\u00e9tences pour l\u2019\u00e9tude de divers groupes d\u2019auxiliaires retrouv\u00e9s en milieu agricole tels que les carabes, les coccinelles ou les syrphes. L\u2019\u00e9tude de ces diff\u00e9rents groupes peut notamment s\u2019inscrire dans le cadre d\u2019inventaire f\u00e9d\u00e9raux ou cantonaux, de diagnostic \u00e9cologique, d\u2019\u00e9tudes taxonomiques, de suivis et monitoring dans les milieux agricoles et urbains, etc.&nbsp;<\/p>\n\n\n\n<p>Nous nous formons \u00e9galement dans d\u2019autres groupes d\u2019insectes tels que les fourmis ou certaines familles de dipt\u00e8res, n\u2019h\u00e9sitez pas \u00e0 nous contacter pour des questions compl\u00e9mentaires.<\/p>\n\n\n\n<p><strong>Membres comp\u00e9tents:<\/strong> <a href=\"https:\/\/arvensis-naturalistes.ch\/?page_id=724\">Ga\u00ebl P\u00e9tremand<\/a> &#8211; <a href=\"https:\/\/arvensis-naturalistes.ch\/?page_id=726\">Killian Vaucher<\/a> &#8211; <a href=\"https:\/\/arvensis-naturalistes.ch\/?page_id=722\">Arnaud Vallat<\/a> &#8211; <a href=\"https:\/\/arvensis-naturalistes.ch\/?page_id=720\">Dimitri B\u00e9non<\/a> &#8211; <a href=\"https:\/\/arvensis-naturalistes.ch\/?page_id=716\">Lisa Fisler<\/a><\/p>\n\n\n\n<div class=\"wp-block-columns\">\n<div class=\"wp-block-column\">\n<figure class=\"wp-block-image size-large\"><img loading=\"lazy\" width=\"1024\" height=\"683\" src=\"https:\/\/arvensis-naturalistes.ch\/wp-content\/uploads\/2022\/01\/Rosalie_Killian-1024x683.jpg\" alt=\"\" class=\"wp-image-1237\" srcset=\"https:\/\/arvensis-naturalistes.ch\/wp-content\/uploads\/2022\/01\/Rosalie_Killian-1024x683.jpg 1024w, https:\/\/arvensis-naturalistes.ch\/wp-content\/uploads\/2022\/01\/Rosalie_Killian-300x200.jpg 300w, https:\/\/arvensis-naturalistes.ch\/wp-content\/uploads\/2022\/01\/Rosalie_Killian-768x512.jpg 768w, https:\/\/arvensis-naturalistes.ch\/wp-content\/uploads\/2022\/01\/Rosalie_Killian-1536x1024.jpg 1536w, https:\/\/arvensis-naturalistes.ch\/wp-content\/uploads\/2022\/01\/Rosalie_Killian-2048x1366.jpg 2048w\" sizes=\"(max-width: 1024px) 100vw, 1024px\" \/><\/figure>\n<\/div>\n\n\n\n<div class=\"wp-block-column\">\n<figure class=\"wp-block-image size-large\"><img loading=\"lazy\" width=\"1024\" height=\"682\" src=\"https:\/\/arvensis-naturalistes.ch\/wp-content\/uploads\/2022\/01\/Leucorrhinia_Arnaud-1-1024x682.jpg\" alt=\"\" class=\"wp-image-1238\" srcset=\"https:\/\/arvensis-naturalistes.ch\/wp-content\/uploads\/2022\/01\/Leucorrhinia_Arnaud-1-1024x682.jpg 1024w, https:\/\/arvensis-naturalistes.ch\/wp-content\/uploads\/2022\/01\/Leucorrhinia_Arnaud-1-300x200.jpg 300w, https:\/\/arvensis-naturalistes.ch\/wp-content\/uploads\/2022\/01\/Leucorrhinia_Arnaud-1-768x512.jpg 768w, https:\/\/arvensis-naturalistes.ch\/wp-content\/uploads\/2022\/01\/Leucorrhinia_Arnaud-1-1536x1024.jpg 1536w, https:\/\/arvensis-naturalistes.ch\/wp-content\/uploads\/2022\/01\/Leucorrhinia_Arnaud-1.jpg 1991w\" sizes=\"(max-width: 1024px) 100vw, 1024px\" \/><\/figure>\n\n\n\n<p><\/p>\n<\/div>\n<\/div>\n","protected":false},"excerpt":{"rendered":"<p>Les membres du collectif Arvensis sont sp\u00e9cialis\u00e9s dans l\u2019identification et l\u2019\u00e9tude de diff\u00e9rents groupes d\u2019insectes. Ces groupes incluent des insectes couramment \u00e9tudi\u00e9s dans les milieux humides, telles que les libellules, dans les milieux prairiaux, tels les orthopt\u00e8res, les papillons de<\/p>\n","protected":false},"author":2,"featured_media":0,"parent":579,"menu_order":0,"comment_status":"closed","ping_status":"closed","template":"","meta":[],"_links":{"self":[{"href":"https:\/\/arvensis-naturalistes.ch\/index.php?rest_route=\/wp\/v2\/pages\/886"}],"collection":[{"href":"https:\/\/arvensis-naturalistes.ch\/index.php?rest_route=\/wp\/v2\/pages"}],"about":[{"href":"https:\/\/arvensis-naturalistes.ch\/index.php?rest_route=\/wp\/v2\/types\/page"}],"author":[{"embeddable":true,"href":"https:\/\/arvensis-naturalistes.ch\/index.php?rest_route=\/wp\/v2\/users\/2"}],"replies":[{"embeddable":true,"href":"https:\/\/arvensis-naturalistes.ch\/index.php?rest_route=%2Fwp%2Fv2%2Fcomments&post=886"}],"version-history":[{"count":9,"href":"https:\/\/arvensis-naturalistes.ch\/index.php?rest_route=\/wp\/v2\/pages\/886\/revisions"}],"predecessor-version":[{"id":1240,"href":"https:\/\/arvensis-naturalistes.ch\/index.php?rest_route=\/wp\/v2\/pages\/886\/revisions\/1240"}],"up":[{"embeddable":true,"href":"https:\/\/arvensis-naturalistes.ch\/index.php?rest_route=\/wp\/v2\/pages\/579"}],"wp:attachment":[{"href":"https:\/\/arvensis-naturalistes.ch\/index.php?rest_route=%2Fwp%2Fv2%2Fmedia&parent=886"}],"curies":[{"name":"wp","href":"https:\/\/api.w.org\/{rel}","templated":true}]}}