{"id":900,"date":"2021-02-19T17:03:16","date_gmt":"2021-02-19T17:03:16","guid":{"rendered":"https:\/\/arvensis-naturalistes.ch\/?page_id=900"},"modified":"2022-01-14T20:42:43","modified_gmt":"2022-01-14T20:42:43","slug":"evaluation-de-la-qualite-ecologique-des-milieux-bioindication","status":"publish","type":"page","link":"https:\/\/arvensis-naturalistes.ch\/?page_id=900","title":{"rendered":"\u00c9valuation de la qualit\u00e9 \u00e9cologique des milieux &#038; bioindication"},"content":{"rendered":"\n<p>Une des comp\u00e9tences principales du collectif est l\u2019\u00e9valuation de l\u2019\u00e9tat de sant\u00e9 (qualit\u00e9 \u00e9cologique) des milieux naturels, semi-naturels ou anthropis\u00e9s. Cette \u00e9valuation se base tr\u00e8s souvent sur l\u2019utilisation d\u2019esp\u00e8ces ou de groupes d\u2019esp\u00e8ces bioindicatrices. La bioindication consiste \u00e0 \u00e9tudier un ou plusieurs groupes d\u2019organismes qui permettent par l\u2019observation de la pr\u00e9sence ou l\u2019absence de certaines esp\u00e8ces, d\u2019effectuer un diagnostic sur l\u2019\u00e9tat de sant\u00e9 des milieux. Nous disposons notamment d\u2019outils int\u00e9ressants telle que la m\u00e9thode&nbsp;<em>Syrph the Net&nbsp;<\/em>qui permet, gr\u00e2ce \u00e0 une base de donn\u00e9es r\u00e9pertoriant l\u2019association des esp\u00e8ces de syrphes avec diff\u00e9rents traits biologiques et \u00e9cologiques, d\u2019\u00e9valuer l\u2019int\u00e9grit\u00e9 \u00e9cologiques des milieux dans des contextes tr\u00e8s vari\u00e9s&nbsp;: urbain, agricole, zone humide, for\u00eats, prairies et p\u00e2turages (en plaine et en montagne). Nous proposons \u00e9galement des \u00e9valuations via l\u2019\u00e9tude de la flore, des libellules, des abeilles sauvages, des oiseaux, des reptiles et des amphibiens ainsi que de diff\u00e9rents groupes d\u2019insectes en fonction des milieux et des enjeux qui sont de mise.<\/p>\n\n\n\n<p><strong>Membres comp\u00e9tents:<\/strong> <a href=\"https:\/\/arvensis-naturalistes.ch\/?page_id=724\">Ga\u00ebl P\u00e9tremand<\/a> &#8211; <a href=\"https:\/\/arvensis-naturalistes.ch\/?page_id=722\">Arnaud Vallat<\/a> &#8211; <a href=\"https:\/\/arvensis-naturalistes.ch\/?page_id=716\">Lisa Fisler<\/a><\/p>\n\n\n\n<div class=\"wp-block-columns\">\n<div class=\"wp-block-column\">\n<figure class=\"wp-block-image size-large\"><img loading=\"lazy\" width=\"1024\" height=\"683\" src=\"https:\/\/arvensis-naturalistes.ch\/wp-content\/uploads\/2022\/01\/Milieu_Killian-1024x683.jpg\" alt=\"\" class=\"wp-image-1233\" srcset=\"https:\/\/arvensis-naturalistes.ch\/wp-content\/uploads\/2022\/01\/Milieu_Killian-1024x683.jpg 1024w, https:\/\/arvensis-naturalistes.ch\/wp-content\/uploads\/2022\/01\/Milieu_Killian-300x200.jpg 300w, https:\/\/arvensis-naturalistes.ch\/wp-content\/uploads\/2022\/01\/Milieu_Killian-768x512.jpg 768w, https:\/\/arvensis-naturalistes.ch\/wp-content\/uploads\/2022\/01\/Milieu_Killian-1536x1024.jpg 1536w, https:\/\/arvensis-naturalistes.ch\/wp-content\/uploads\/2022\/01\/Milieu_Killian-2048x1365.jpg 2048w\" sizes=\"(max-width: 1024px) 100vw, 1024px\" \/><\/figure>\n<\/div>\n\n\n\n<div class=\"wp-block-column\">\n<figure class=\"wp-block-image size-full\"><img loading=\"lazy\" width=\"1024\" height=\"683\" src=\"https:\/\/arvensis-naturalistes.ch\/wp-content\/uploads\/2022\/01\/Agriculture_Celine.jpg\" alt=\"\" class=\"wp-image-1234\" srcset=\"https:\/\/arvensis-naturalistes.ch\/wp-content\/uploads\/2022\/01\/Agriculture_Celine.jpg 1024w, https:\/\/arvensis-naturalistes.ch\/wp-content\/uploads\/2022\/01\/Agriculture_Celine-300x200.jpg 300w, https:\/\/arvensis-naturalistes.ch\/wp-content\/uploads\/2022\/01\/Agriculture_Celine-768x512.jpg 768w\" sizes=\"(max-width: 1024px) 100vw, 1024px\" \/><\/figure>\n<\/div>\n<\/div>\n","protected":false},"excerpt":{"rendered":"<p>Une des comp\u00e9tences principales du collectif est l\u2019\u00e9valuation de l\u2019\u00e9tat de sant\u00e9 (qualit\u00e9 \u00e9cologique) des milieux naturels, semi-naturels ou anthropis\u00e9s. Cette \u00e9valuation se base tr\u00e8s souvent sur l\u2019utilisation d\u2019esp\u00e8ces ou de groupes d\u2019esp\u00e8ces bioindicatrices. La bioindication consiste \u00e0 \u00e9tudier un<\/p>\n","protected":false},"author":2,"featured_media":0,"parent":579,"menu_order":0,"comment_status":"closed","ping_status":"closed","template":"","meta":[],"_links":{"self":[{"href":"https:\/\/arvensis-naturalistes.ch\/index.php?rest_route=\/wp\/v2\/pages\/900"}],"collection":[{"href":"https:\/\/arvensis-naturalistes.ch\/index.php?rest_route=\/wp\/v2\/pages"}],"about":[{"href":"https:\/\/arvensis-naturalistes.ch\/index.php?rest_route=\/wp\/v2\/types\/page"}],"author":[{"embeddable":true,"href":"https:\/\/arvensis-naturalistes.ch\/index.php?rest_route=\/wp\/v2\/users\/2"}],"replies":[{"embeddable":true,"href":"https:\/\/arvensis-naturalistes.ch\/index.php?rest_route=%2Fwp%2Fv2%2Fcomments&post=900"}],"version-history":[{"count":6,"href":"https:\/\/arvensis-naturalistes.ch\/index.php?rest_route=\/wp\/v2\/pages\/900\/revisions"}],"predecessor-version":[{"id":1235,"href":"https:\/\/arvensis-naturalistes.ch\/index.php?rest_route=\/wp\/v2\/pages\/900\/revisions\/1235"}],"up":[{"embeddable":true,"href":"https:\/\/arvensis-naturalistes.ch\/index.php?rest_route=\/wp\/v2\/pages\/579"}],"wp:attachment":[{"href":"https:\/\/arvensis-naturalistes.ch\/index.php?rest_route=%2Fwp%2Fv2%2Fmedia&parent=900"}],"curies":[{"name":"wp","href":"https:\/\/api.w.org\/{rel}","templated":true}]}}