{"id":904,"date":"2021-02-19T17:04:43","date_gmt":"2021-02-19T17:04:43","guid":{"rendered":"https:\/\/arvensis-naturalistes.ch\/?page_id=904"},"modified":"2024-03-19T17:21:50","modified_gmt":"2024-03-19T16:21:50","slug":"projets-en-milieux-agricoles-ou-urbains","status":"publish","type":"page","link":"https:\/\/arvensis-naturalistes.ch\/?page_id=904","title":{"rendered":"Projets en milieux agricoles ou urbains"},"content":{"rendered":"\n<p>A l\u2019heure actuelle, de nombreux enjeux associ\u00e9s \u00e0 la conservation de la biodiversit\u00e9 s\u2019inscrivent dans un contexte urbain ou agricole. En effet, le territoire suisse est de plus en plus soumis \u00e0 l\u2019expansion de l\u2019urbanisation et \u00e0 l\u2019intensification des pratiques agricoles. Dans ce cadre, l\u2019\u00e9tude des organismes qui cohabitent avec l\u2019\u00eatre humain s\u2019av\u00e8re indispensable et la mani\u00e8re de favoriser une plus grande biodiversit\u00e9 dans ces contextes est primordiale. Nos comp\u00e9tences peuvent aller de l\u2019\u00e9valuation de l\u2019efficacit\u00e9 de mesures pour la biodiversit\u00e9 en milieu urbain ou agricole \u00e0 des prestations de conseils aux agriculteurs ou am\u00e9nagistes du territoire. Nous proposons aussi la mise en place de monitoring de la biodiversit\u00e9 notamment en milieu urbain.<\/p>\n\n\n\n<p><strong>Membres comp\u00e9tents:<\/strong> <a href=\"https:\/\/arvensis-naturalistes.ch\/?page_id=733\">Ga\u00ebl P\u00e9tremand<\/a> &#8211; <a href=\"https:\/\/arvensis-naturalistes.ch\/?page_id=720\">Dimitri B\u00e9non<\/a> &#8211; <a href=\"https:\/\/arvensis-naturalistes.ch\/?page_id=716\">Lisa Fisler<\/a> &#8211; <a href=\"https:\/\/arvensis-naturalistes.ch\/?page_id=722\">Arnaud Vallat<\/a> &#8211; <a href=\"https:\/\/arvensis-naturalistes.ch\/?page_id=726\">Killian Vaucher<\/a> &#8211; <a href=\"https:\/\/arvensis-naturalistes.ch\/?page_id=989\">Gabriel Marcacci<\/a> &#8211; <a href=\"https:\/\/arvensis-naturalistes.ch\/?page_id=731\">Alberto Serres-H\u00e4nni<\/a><\/p>\n\n\n\n<div class=\"wp-block-columns\">\n<div class=\"wp-block-column\">\n<figure class=\"wp-block-image size-large\"><img src=\"https:\/\/arvensis-naturalistes.ch\/wp-content\/uploads\/2021\/02\/Projetsurbain.jpeg\" alt=\"\" class=\"wp-image-875\"\/><\/figure>\n<\/div>\n\n\n\n<div class=\"wp-block-column\">\n<figure class=\"wp-block-image size-large\"><img src=\"https:\/\/arvensis-naturalistes.ch\/wp-content\/uploads\/2021\/02\/milieu_agricole.jpg\" alt=\"\" class=\"wp-image-874\"\/><\/figure>\n<\/div>\n<\/div>\n","protected":false},"excerpt":{"rendered":"<p>A l\u2019heure actuelle, de nombreux enjeux associ\u00e9s \u00e0 la conservation de la biodiversit\u00e9 s\u2019inscrivent dans un contexte urbain ou agricole. En effet, le territoire suisse est de plus en plus soumis \u00e0 l\u2019expansion de l\u2019urbanisation et \u00e0 l\u2019intensification des pratiques<\/p>\n","protected":false},"author":2,"featured_media":0,"parent":579,"menu_order":0,"comment_status":"closed","ping_status":"closed","template":"","meta":[],"_links":{"self":[{"href":"https:\/\/arvensis-naturalistes.ch\/index.php?rest_route=\/wp\/v2\/pages\/904"}],"collection":[{"href":"https:\/\/arvensis-naturalistes.ch\/index.php?rest_route=\/wp\/v2\/pages"}],"about":[{"href":"https:\/\/arvensis-naturalistes.ch\/index.php?rest_route=\/wp\/v2\/types\/page"}],"author":[{"embeddable":true,"href":"https:\/\/arvensis-naturalistes.ch\/index.php?rest_route=\/wp\/v2\/users\/2"}],"replies":[{"embeddable":true,"href":"https:\/\/arvensis-naturalistes.ch\/index.php?rest_route=%2Fwp%2Fv2%2Fcomments&post=904"}],"version-history":[{"count":4,"href":"https:\/\/arvensis-naturalistes.ch\/index.php?rest_route=\/wp\/v2\/pages\/904\/revisions"}],"predecessor-version":[{"id":1274,"href":"https:\/\/arvensis-naturalistes.ch\/index.php?rest_route=\/wp\/v2\/pages\/904\/revisions\/1274"}],"up":[{"embeddable":true,"href":"https:\/\/arvensis-naturalistes.ch\/index.php?rest_route=\/wp\/v2\/pages\/579"}],"wp:attachment":[{"href":"https:\/\/arvensis-naturalistes.ch\/index.php?rest_route=%2Fwp%2Fv2%2Fmedia&parent=904"}],"curies":[{"name":"wp","href":"https:\/\/api.w.org\/{rel}","templated":true}]}}