{"id":911,"date":"2021-02-19T17:07:07","date_gmt":"2021-02-19T17:07:07","guid":{"rendered":"https:\/\/arvensis-naturalistes.ch\/?page_id=911"},"modified":"2024-03-19T17:22:16","modified_gmt":"2024-03-19T16:22:16","slug":"vulgarisation-mediation-scientifique","status":"publish","type":"page","link":"https:\/\/arvensis-naturalistes.ch\/?page_id=911","title":{"rendered":"Vulgarisation &#038; M\u00e9diation scientifique"},"content":{"rendered":"\n<p>Au sein du collectif Arvensis se trouve une r\u00e9elle volont\u00e9 de transmission et de sensibilisation des connaissances et des enjeux li\u00e9s \u00e0 la pr\u00e9servation de la nature. Nous prenons en charge tout type de projet visant \u00e0 informer et sensibiliser le public ainsi qu\u2019\u00e0 la transmission des connaissances naturalistes. Nous discutons avec plaisir de projets \u00e0 but p\u00e9dagogique, de m\u00e9diation et de vulgarisation scientifique, ainsi que tout type d\u2019animations li\u00e9es \u00e0 l\u2019environnement.<\/p>\n\n\n\n<p><strong>Membres comp\u00e9tents:<\/strong> <a href=\"https:\/\/arvensis-naturalistes.ch\/?page_id=726\">Killian Vaucher<\/a> &#8211; <a href=\"https:\/\/arvensis-naturalistes.ch\/?page_id=716\">Lisa Fisler<\/a> &#8211; <a href=\"https:\/\/arvensis-naturalistes.ch\/?page_id=720\">Dimitri B\u00e9non<\/a> &#8211; <a href=\"https:\/\/arvensis-naturalistes.ch\/?page_id=989\">Gabriel Marcacci<\/a> &#8211; <a href=\"https:\/\/arvensis-naturalistes.ch\/?page_id=722\">Arnaud Vallat<\/a> &#8211; <a href=\"https:\/\/arvensis-naturalistes.ch\/?page_id=731\">Alberto Serres-H\u00e4nni<\/a> &#8211; <a href=\"https:\/\/arvensis-naturalistes.ch\/?page_id=724\">Ga\u00ebl P\u00e9tremand<\/a><\/p>\n\n\n\n<div class=\"wp-block-columns\">\n<div class=\"wp-block-column\">\n<figure class=\"wp-block-image size-large\"><img src=\"https:\/\/arvensis-naturalistes.ch\/wp-content\/uploads\/2021\/02\/Vulgarisation.jpg\" alt=\"\" class=\"wp-image-877\"\/><\/figure>\n<\/div>\n\n\n\n<div class=\"wp-block-column\"><\/div>\n<\/div>\n","protected":false},"excerpt":{"rendered":"<p>Au sein du collectif Arvensis se trouve une r\u00e9elle volont\u00e9 de transmission et de sensibilisation des connaissances et des enjeux li\u00e9s \u00e0 la pr\u00e9servation de la nature. Nous prenons en charge tout type de projet visant \u00e0 informer et sensibiliser<\/p>\n","protected":false},"author":2,"featured_media":0,"parent":579,"menu_order":0,"comment_status":"closed","ping_status":"closed","template":"","meta":[],"_links":{"self":[{"href":"https:\/\/arvensis-naturalistes.ch\/index.php?rest_route=\/wp\/v2\/pages\/911"}],"collection":[{"href":"https:\/\/arvensis-naturalistes.ch\/index.php?rest_route=\/wp\/v2\/pages"}],"about":[{"href":"https:\/\/arvensis-naturalistes.ch\/index.php?rest_route=\/wp\/v2\/types\/page"}],"author":[{"embeddable":true,"href":"https:\/\/arvensis-naturalistes.ch\/index.php?rest_route=\/wp\/v2\/users\/2"}],"replies":[{"embeddable":true,"href":"https:\/\/arvensis-naturalistes.ch\/index.php?rest_route=%2Fwp%2Fv2%2Fcomments&post=911"}],"version-history":[{"count":5,"href":"https:\/\/arvensis-naturalistes.ch\/index.php?rest_route=\/wp\/v2\/pages\/911\/revisions"}],"predecessor-version":[{"id":1275,"href":"https:\/\/arvensis-naturalistes.ch\/index.php?rest_route=\/wp\/v2\/pages\/911\/revisions\/1275"}],"up":[{"embeddable":true,"href":"https:\/\/arvensis-naturalistes.ch\/index.php?rest_route=\/wp\/v2\/pages\/579"}],"wp:attachment":[{"href":"https:\/\/arvensis-naturalistes.ch\/index.php?rest_route=%2Fwp%2Fv2%2Fmedia&parent=911"}],"curies":[{"name":"wp","href":"https:\/\/api.w.org\/{rel}","templated":true}]}}