{"id":992,"date":"2021-07-01T15:13:47","date_gmt":"2021-07-01T15:13:47","guid":{"rendered":"https:\/\/arvensis-naturalistes.ch\/?page_id=992"},"modified":"2021-12-20T18:48:19","modified_gmt":"2021-12-20T18:48:19","slug":"statistiques-et-design-experimental","status":"publish","type":"page","link":"https:\/\/arvensis-naturalistes.ch\/?page_id=992","title":{"rendered":"Statistiques et design exp\u00e9rimental"},"content":{"rendered":"\n<p>L\u2019utilisation des statistiques est devenue incontournable aussi bien pour les projets de recherches \u00e0 vocation scientifiques que dans le cadre d\u2019\u00e9tudes appliqu\u00e9es. En outre, il est primordial d\u2019avoir un design exp\u00e9rimental coh\u00e9rent et robuste, m\u00e9ticuleusement planifi\u00e9 en amont de l\u2019\u00e9tude afin de r\u00e9colter des donn\u00e9es de qualit\u00e9s et de les valoriser. Il existe diff\u00e9rents outils informatiques qui facilitent le traitement et l\u2019analyse des donn\u00e9es tel que le logiciel de statistique R. Il est d\u00e8s lors essentiel, en parall\u00e8le \u00e0 l\u2019expertise de terrain, d\u2019avoir de bonnes connaissances de ces outils afin de s\u2019assurer du succ\u00e8s d\u2019une \u00e9tude, et ainsi permettre qu\u2019elle soit r\u00e9pliqu\u00e9e\/reproduite. Nos membres poss\u00e8dent les comp\u00e9tences requises pour \u00e9laborer un design exp\u00e9rimental optimal, et analyser de mani\u00e8re approfondie les donn\u00e9es r\u00e9colt\u00e9es.&nbsp;&nbsp;&nbsp;&nbsp;<\/p>\n\n\n\n<p><strong>Membres comp\u00e9tents:<\/strong> <a href=\"https:\/\/arvensis-naturalistes.ch\/?page_id=989\">Gabriel Marcacci<\/a> &#8211; <a href=\"https:\/\/arvensis-naturalistes.ch\/?page_id=724\">Ga\u00ebl P\u00e9tremand<\/a> &#8211; <a href=\"https:\/\/arvensis-naturalistes.ch\/?page_id=720\">Dimitri B\u00e9non<\/a><\/p>\n","protected":false},"excerpt":{"rendered":"<p>L\u2019utilisation des statistiques est devenue incontournable aussi bien pour les projets de recherches \u00e0 vocation scientifiques que dans le cadre d\u2019\u00e9tudes appliqu\u00e9es. En outre, il est primordial d\u2019avoir un design exp\u00e9rimental coh\u00e9rent et robuste, m\u00e9ticuleusement planifi\u00e9 en amont de l\u2019\u00e9tude<\/p>\n","protected":false},"author":2,"featured_media":0,"parent":579,"menu_order":0,"comment_status":"closed","ping_status":"closed","template":"","meta":[],"_links":{"self":[{"href":"https:\/\/arvensis-naturalistes.ch\/index.php?rest_route=\/wp\/v2\/pages\/992"}],"collection":[{"href":"https:\/\/arvensis-naturalistes.ch\/index.php?rest_route=\/wp\/v2\/pages"}],"about":[{"href":"https:\/\/arvensis-naturalistes.ch\/index.php?rest_route=\/wp\/v2\/types\/page"}],"author":[{"embeddable":true,"href":"https:\/\/arvensis-naturalistes.ch\/index.php?rest_route=\/wp\/v2\/users\/2"}],"replies":[{"embeddable":true,"href":"https:\/\/arvensis-naturalistes.ch\/index.php?rest_route=%2Fwp%2Fv2%2Fcomments&post=992"}],"version-history":[{"count":3,"href":"https:\/\/arvensis-naturalistes.ch\/index.php?rest_route=\/wp\/v2\/pages\/992\/revisions"}],"predecessor-version":[{"id":1088,"href":"https:\/\/arvensis-naturalistes.ch\/index.php?rest_route=\/wp\/v2\/pages\/992\/revisions\/1088"}],"up":[{"embeddable":true,"href":"https:\/\/arvensis-naturalistes.ch\/index.php?rest_route=\/wp\/v2\/pages\/579"}],"wp:attachment":[{"href":"https:\/\/arvensis-naturalistes.ch\/index.php?rest_route=%2Fwp%2Fv2%2Fmedia&parent=992"}],"curies":[{"name":"wp","href":"https:\/\/api.w.org\/{rel}","templated":true}]}}